{"id":859,"date":"2023-07-05T10:46:17","date_gmt":"2023-07-05T10:46:17","guid":{"rendered":"https:\/\/begabtenstiftung-informatik.de\/?page_id=859"},"modified":"2025-07-22T08:28:16","modified_gmt":"2025-07-22T08:28:16","slug":"kiis","status":"publish","type":"page","link":"https:\/\/begabtenstiftung-informatik.de\/index.php\/de\/kiis\/","title":{"rendered":"KIIS"},"content":{"rendered":"<section class=\"section\">\r\n\r\n<h1 class=\"section-heading\"><center>KIIS\r\n(Karlsruher Informatik Industrie-Stipendium)<\/center><\/h1>\r\n\r\n<div class=\"col-md-12\">\r\n<h2 class=\"section-heading\">Mentoring und Finanzielle F\u00f6rderung<\/h2>\r\n\r\n\t<div class=\"row mb-3\">\r\n\t\t<div class=\"col-md-4 self-align-center\"><img decoding=\"async\" style=\"width: 100%;\" src=\"https:\/\/begabtenstiftung-informatik.de\/wp-content\/uploads\/2023\/07\/people-studying.jpg\" \/><\/div>\r\n\t\t<div class=\"col-md-8 self-align-center\">\r\n\r\n\t<p>Du wirst im Wintersemester 2025\/2026 mit dem Informatik-Studium am KIT beginnen?<\/p>\r\n\t<p>Dann kannst Du dich um ein KIIS-Stipendium bewerben:<\/p>\r\n<ul>\r\n\t<li>Zur Aufnahme in unser Mentoring-Programm (limitiert auf 25 Teilnehmer- Auswahl durch die Stiftung)<\/li><br>\r\n    <li>Zur finanziellen Unterst\u00fctzung von 750.- EUR pro Semester (F\u00fcr maximal 6 Semester.\r\n\t<p>Die Zuteilung erfolgt nach Bed\u00fcrftigkeit)<\/p><\/li>\r\n<\/ul>\r\n<\/div>\r\n<\/div>\r\n<\/div>\r\n<hr>\r\n<div class=\"col-md-12\">\r\n<h2 class=\"section-heading\">Mentoring:<\/h2>\r\n\r\n<div class=\"row mb-3\">\r\n\t\t<div class=\"col-md-4 self-align-center\"><img decoding=\"async\" style=\"width: 100%;\" src=\"https:\/\/begabtenstiftung-informatik.de\/wp-content\/uploads\/2023\/07\/mentor-scaled.jpg\" \/><\/div>\r\n\t\t<div class=\"col-md-8 self-align-center\">\r\n\t\t\r\n<p>Du bekommst einen pers\u00f6nlichen Ansprechpartner aus der regionalen Industrie, auf den du nach Bedarf zugehen kannst: Bei Fragen zur Berufspraxis, auf der Suche nach Ferienjobs, Praktika, und so weiter.<\/p> \r\n<p>Dein Mentor wird dir Angebote machen, z.B. f\u00fcr Profi-Trainings oder zur Teilnahme an Firmenevents. Wir nehmen Dich in das Mentoring-Programm der Stiftung auf.<\/p>\r\n<p>Du kannst regelm\u00e4\u00dfig an interessanten Veranstaltungen teilnehmen. Im Wintersemester zum Thema \u201eArtificial Intelligence und Software-Entwicklung\u201c.<\/p>\r\n<\/div>\r\n<\/div>\r\n<\/div>\r\n\r\n<hr>\r\n<div class=\"row mb-3\">\r\n<h2 class=\"section-heading\">F\u00f6rderung: bis zu 4.500 EUR<\/h2>\r\n<div class=\"col-md-12 self-align-center\">\r\n<p>Wir f\u00f6rdern Studierende vom Studienbeginn bis zum Bachelor-Abschluss (maximal 6 Semester) mit 750.- EUR pro Semester.<\/p>\r\n<p>Die Auswahlkriterien sind:<\/p> \r\n<ul>\r\n\t<li>ein hervorragendes Schul-Abschlusszeugnis oder auch fachliche Auszeichnungen<\/li>\r\n<li>soziale, musische oder fachliche Aktivit\u00e4ten<\/li>\r\n<li>soziale Bed\u00fcftigkeit<\/li>\r\n<\/ul>\r\n<p>Insbesondere ermuntern wir Studierende, die aus dem Ausland den Weg nach Karlsruhe gefunden haben, zu einer Bewerbung.<\/p>\r\n<\/div>\r\n<\/div>\r\n\r\n<hr>\r\n<div class=\"row mb-3\">\r\n<h2 class=\"section-heading\">Wie kann ich mich bewerben?<\/h2>\r\n<div class=\"col-md-12 self-align-center\">\r\n\t<p>Du hast einen Studienplatz an der KIT-Fakult\u00e4t f\u00fcr Informatik und wirst im Wintersemester 2025\/2026 mit dem Studium beginnen.<\/p>  \r\n\t\r\n\t<p>Du erf\u00fcllst eines oder mehrere der o.g. Kriterien.<\/p> \r\n\t<p>Dann bewerbe dich formlos per E-Mail an <a href=\"mailto:vorstand@begabtenstiftung-informatik.de\"><strong>vorstand[at]begabtenstiftung-informatik.de<\/strong><\/a> mit den folgenden Unterlagen:<\/p>\r\n\t<ul>\r\n\t<li>Motivationsschreiben (warum sollen wir Dich f\u00f6rdern. Wenn Du finanziell gef\u00f6rdert werden willst, sprich dies an und begr\u00fcnde dies)<\/li>\r\n\t<li>Lebenslauf<\/li>\r\n\t<li>Kopie des Schulabschlusszeugnisses<\/li>\r\n\t<li>Kopie von Auszeichnungen, Preisen, etc.<\/li>\r\n\t<li>Nachweise \u00fcber soziales Engagement<\/li>\r\n\t<\/ul>\r\n\t<hr>\r\n\t<p><strong>Bewerbungsfrist: bereits am 15. Juli 2025 abgelaufen<\/strong><\/p>\r\n\t\r\n\t<\/div>\r\n\t<\/div>\r\n\t\r\n\t\r\n\t\t\r\n\t\t<\/section>","protected":false},"excerpt":{"rendered":"KIIS (Karlsruher Informatik Industrie-Stipendium) Mentoring und Finanzielle F\u00f6rderung Du wirst im Wintersemester 2025\/2026 mit dem Informatik-Studium am KIT beginnen? Dann kannst Du dich um ein KIIS-Stipendium bewerben: Zur Aufnahme in unser Mentoring-Programm (limitiert auf 25 Teilnehmer- Auswahl durch die Stiftung) Zur finanziellen Unterst\u00fctzung von 750.- EUR pro Semester (F\u00fcr maximal 6 Semester. Die Zuteilung erfolgt [&hellip;]","protected":false},"author":4,"featured_media":0,"parent":0,"menu_order":0,"comment_status":"closed","ping_status":"closed","template":"","meta":[],"_links":{"self":[{"href":"https:\/\/begabtenstiftung-informatik.de\/index.php\/wp-json\/wp\/v2\/pages\/859"}],"collection":[{"href":"https:\/\/begabtenstiftung-informatik.de\/index.php\/wp-json\/wp\/v2\/pages"}],"about":[{"href":"https:\/\/begabtenstiftung-informatik.de\/index.php\/wp-json\/wp\/v2\/types\/page"}],"author":[{"embeddable":true,"href":"https:\/\/begabtenstiftung-informatik.de\/index.php\/wp-json\/wp\/v2\/users\/4"}],"replies":[{"embeddable":true,"href":"https:\/\/begabtenstiftung-informatik.de\/index.php\/wp-json\/wp\/v2\/comments?post=859"}],"version-history":[{"count":176,"href":"https:\/\/begabtenstiftung-informatik.de\/index.php\/wp-json\/wp\/v2\/pages\/859\/revisions"}],"predecessor-version":[{"id":1870,"href":"https:\/\/begabtenstiftung-informatik.de\/index.php\/wp-json\/wp\/v2\/pages\/859\/revisions\/1870"}],"wp:attachment":[{"href":"https:\/\/begabtenstiftung-informatik.de\/index.php\/wp-json\/wp\/v2\/media?parent=859"}],"curies":[{"name":"wp","href":"https:\/\/api.w.org\/{rel}","templated":true}]}}