{"id":69,"date":"2017-05-18T17:58:04","date_gmt":"2017-05-18T17:58:04","guid":{"rendered":"http:\/\/h2t-projects.webarchiv.kit.edu\/begabtenstiftung-informatik\/?page_id=69"},"modified":"2025-07-28T10:34:29","modified_gmt":"2025-07-28T10:34:29","slug":"projekt","status":"publish","type":"page","link":"https:\/\/begabtenstiftung-informatik.de\/index.php\/de\/projekt\/","title":{"rendered":"Dein Projekt"},"content":{"rendered":"<section class=\"section\">\r\n\r\n\r\n\t<h1 class=\"section-heading\"><center>Wir f\u00f6rdern Dein Projekt<\/center><\/h1>\r\n\t<h3 class=\"section-heading\"><center>Die Gr\u00fcndungsidee der Stifter: Studentische Projekte unterst\u00fctzen<\/center><\/h3> \r\n\r\n\t<div class=\"row mb-3\">\r\n\t\t<div class=\"col-md-4 self-align-center\"><img decoding=\"async\" style=\"width: 100%;\" src=\"https:\/\/begabtenstiftung-informatik.de\/wp-content\/uploads\/2023\/07\/students_projekt.jpg\" \/><\/div>\r\n\t\t<div class=\"col-md-8 self-align-center\">\r\n\r\n\t\t\t<p>Als die Gr\u00fcndungsprofessoren der Karlsruher Informatik die Stiftung errichteten, war ihr prim\u00e4res Ziel die F\u00f6rderung von Studierenden der Informatik oder der Wirtschaftsinformatik am KIT, die in Eigeninitiative ihre Projektideen entwickeln und umsetzen.<\/p> \r\n\r\n            <p>Diese Projekte k\u00f6nnen im Rahmen des Studiums oder auch \u00fcber das eigentliche Studium hinaus durchgef\u00fchrt werden, sollen eine nachhaltige Wirkung versprechen, neue Erkenntnisse erwarten lassen oder die L\u00f6sung gesellschaftlicher Probleme oder Bed\u00fcrfnisse ins Auge fassen.<\/p> \r\n\t\t\t\r\n\t\t\t<p>Mit den Stipendien m\u00f6chte die Begabtenstiftung Informatik den Stipendiaten erm\u00f6glichen, sich w\u00e4hrend der Projektdurchf\u00fchrung mit der wissenschaftlichen Gemeinde ihres Fachgebiets enger zu vernetzen. Gef\u00f6rdert werden u.a. Gastaufenthalte, Bildungsreisen und Tagungsteilnahmen. Beispiele bisher gef\u00f6rderter Projekte sind Roboterschw\u00e4rme in der schulischen Ausbildung, Mobile Open-Source Navigation, Transkription von Vorlesungen in Text oder die schnelle Berechnung von k\u00fcrzesten Wegen in Netzwerken.<\/p> \r\n\t\t\t<\/div>\r\n\r\n\r\n\r\n\r\n<h3 class=\"section-heading\">Jetzt bewerben!<\/h3>\r\n<div class=\"col-md-12\">\r\n\t<ul>\r\n<li>Du studierst an der KIT-Fakult\u00e4t und kannst einen erfolgreichen Studienverlauf nachweisen.<\/li>\r\n<li>Projektbeginn ist jeweils im Sommer, Laufzeit sind 6 bis 9 Monate.<\/li>\r\n<li>Die Auswahl der Preistr\u00e4ger erfolgt durch einen von Stiftern und aktiven Professoren der Fakult\u00e4t f\u00fcr Informatik besetzten Ausschuss.<\/li>\r\n<li>Die Preistr\u00e4ger werden in das Begabtenkolleg der Fakult\u00e4t f\u00fcr Informatik aufgenommen.<\/li>\r\n<\/ul>\r\n<p>Dann bewerbe dich formlos per E-Mail an Vorstand der Begabtenstiftung: <b>vorstand[at]begabtenstiftung-informatik.de<\/b><\/p>\r\n\r\n<\/div>\r\n<\/div>\r\n\r\n\t\r\n\t<div class=\"card\">\r\n\t\t<div class=\"card-body\">\r\n\t\t\t<div class=\"text-left\">\r\n\t\t\t\t<h3>mit den folgenden Informationen:<\/h3>\r\n\r\n\t\t\t\t<hr class=\"mt-2 mb-2\" style=\"display: block;\" \/>\r\n\r\n\t\t\t<\/div>\r\n\t\t\t<fieldset class=\"form-group\"><input id=\"checkbox1\" checked=\"checked\" type=\"checkbox\" \/>\r\n\t\t\t\t<label class=\"disabled\" for=\"checkbox1\">Beschreibung der Idee<\/label><\/fieldset>\r\n\t\t\t<fieldset class=\"form-group\"><input id=\"checkbox2\" checked=\"checked\" type=\"checkbox\" \/>\r\n\t\t\t\t<label class=\"disabled\" for=\"checkbox2\"> Zeit- und Arbeitsplan<\/label><\/fieldset>\r\n\t\t\t<fieldset class=\"form-group\"><input id=\"checkbox3\" checked=\"checked\" type=\"checkbox\" \/>\r\n\t\t\t\t<label class=\"disabled\" for=\"checkbox3\">Finanzplan<\/label><\/fieldset>\r\n\t\t\t\r\n\t\t\t\r\n\r\n\t\t<\/div>\r\n\t<\/div>\r\n\t\r\n<hr \/>\r\n\t<b>Bewerbungsunterlagen sind schriftlich einzureichen beim:<\/b><br \/>\r\n\r\n\tVorstand der Begabtenstiftung<br \/>\r\n\tInformatik Karlsruhe<br \/>\r\n\tz.Hd. Prof. Dr.-Ing. Tamim Asfour<br \/>\r\n\r\n\tsowie zus\u00e4tzlich elektronisch an <a href=\"mailto:asfour@kit.edu\">asfour[at]kit.edu<\/a><br \/><br \/>\r\n\t<strong>Bewerbungsschluss: TBA<\/strong>\r\n\t<hr \/>\r\n\t\r\n\t\r\n<\/section>","protected":false},"excerpt":{"rendered":"Wir f\u00f6rdern Dein Projekt Die Gr\u00fcndungsidee der Stifter: Studentische Projekte unterst\u00fctzen Als die Gr\u00fcndungsprofessoren der Karlsruher Informatik die Stiftung errichteten, war ihr prim\u00e4res Ziel die F\u00f6rderung von Studierenden der Informatik oder der Wirtschaftsinformatik am KIT, die in Eigeninitiative ihre Projektideen entwickeln und umsetzen. Diese Projekte k\u00f6nnen im Rahmen des Studiums oder auch \u00fcber das eigentliche [&hellip;]","protected":false},"author":2,"featured_media":0,"parent":0,"menu_order":0,"comment_status":"closed","ping_status":"closed","template":"","meta":[],"_links":{"self":[{"href":"https:\/\/begabtenstiftung-informatik.de\/index.php\/wp-json\/wp\/v2\/pages\/69"}],"collection":[{"href":"https:\/\/begabtenstiftung-informatik.de\/index.php\/wp-json\/wp\/v2\/pages"}],"about":[{"href":"https:\/\/begabtenstiftung-informatik.de\/index.php\/wp-json\/wp\/v2\/types\/page"}],"author":[{"embeddable":true,"href":"https:\/\/begabtenstiftung-informatik.de\/index.php\/wp-json\/wp\/v2\/users\/2"}],"replies":[{"embeddable":true,"href":"https:\/\/begabtenstiftung-informatik.de\/index.php\/wp-json\/wp\/v2\/comments?post=69"}],"version-history":[{"count":232,"href":"https:\/\/begabtenstiftung-informatik.de\/index.php\/wp-json\/wp\/v2\/pages\/69\/revisions"}],"predecessor-version":[{"id":1897,"href":"https:\/\/begabtenstiftung-informatik.de\/index.php\/wp-json\/wp\/v2\/pages\/69\/revisions\/1897"}],"wp:attachment":[{"href":"https:\/\/begabtenstiftung-informatik.de\/index.php\/wp-json\/wp\/v2\/media?parent=69"}],"curies":[{"name":"wp","href":"https:\/\/api.w.org\/{rel}","templated":true}]}}