{"id":67,"date":"2017-05-18T17:57:22","date_gmt":"2017-05-18T17:57:22","guid":{"rendered":"http:\/\/h2t-projects.webarchiv.kit.edu\/begabtenstiftung-informatik\/?page_id=67"},"modified":"2026-03-20T11:48:01","modified_gmt":"2026-03-20T11:48:01","slug":"ueber-uns","status":"publish","type":"page","link":"https:\/\/begabtenstiftung-informatik.de\/index.php\/de\/ueber-uns\/","title":{"rendered":"\u00dcber uns"},"content":{"rendered":"<section class=\"section\">\r\n\r\n\t\r\n\t<h1 class=\"section-heading text-center\">Die Gr\u00fcnder: Pioniere der Informatik in Deutschland<\/h1>\r\n\t<div class=\"row\">\r\n\t\t<div class=\"col-md-3\">\r\n\t\t\t<div class=\"view overlay hm-white-light z-depth-1-half align-self-center\">\r\n\r\n\t\t\t\t<img decoding=\"async\" class=\"img-fluid\" style=\"width: 100%;\" src=\"https:\/\/www.informatik.kit.edu\/img\/begabtenstifung_informatik_karlsruhe_artikel_rdax_178x117.jpg\" alt=\"\" \/>\r\n\t\t\t\t<div class=\"mask\"><\/div>\r\n\t\t\t<\/div>\r\n\t\t<\/div>\r\n\t\t\r\n\t\t<div class=\"col-md-9\">\r\n\t\t\t<p class=\"section-description\">Die KIT-Fakult\u00e4t f\u00fcr Informatik wurde 1972 als erste Informatik-Fakult\u00e4t in Deutschland gegr\u00fcndet. Die Professoren der ersten Generation errichteten im Jahr 2008 die Begabtenstiftung Informatik Karlsruhe mit dem Ziel, an \u201eihrer\u201c Fakult\u00e4t herausragende Studierende zu unterst\u00fctzen.\u201d<\/p><br \/>\r\n\t<\/div>\t\t\r\n<div class=\"col-md-12\">\t\t\r\n\t\t\t<a class=\"btn btn-default\" style=\"z-index: 0;\" href=\"https:\/\/www.begabtenstiftung-informatik.de\/wp-content\/uploads\/2017\/10\/2016-12-01_Satzung_Begabtenstiftung_Informatik_neu.pdf\" target=\"_blank\" rel=\"noopener\">Satzung der Stiftung<\/a>\r\n<\/div>\r\n\t\t\r\n\r\n\t<\/div>\r\n<hr \/>\t\r\n<br \/>\r\n\r\n<div class=\"\">\r\n\t\t<h3 class=\"text-center\">Die Gr\u00fcndungsstifter<\/h3><br \/><br \/>\r\n<div class=\"hidden-md-down\" style=\"height: 20px;\"><\/div>\r\n\t\t<!-- Vorstand -->\r\n\t\t<div class=\"row center-on-small-only\">\r\n\t\t\t<div class=\"col-lg-4 col-md-12 mb-r\">\r\n\t\t\t\t<div class=\"col-md-6 float-left\">\r\n\t\t\t\t\t<div class=\"avatar\"><img decoding=\"async\" class=\"z-depth-1\" src=\"https:\/\/begabtenstiftung-informatik.de\/wp-content\/uploads\/2023\/07\/ingrid_schroff.png\" \/><\/div>\r\n\t\t\t\t<\/div>\r\n\t\t\t\t<div class=\"col-md-6 float-right\">\r\n\t\t\t\t\t<h6><strong>Ingrid Schroff<\/strong><\/h6>\r\n\t\t\t\t\t&rarr; <a href=\"https:\/\/www.schroff-stiftungen.de\/ueber-uns\/ingrid-schroff\/\">Informationen<\/a>\r\n\t\t\t\t<\/div>\r\n\t\t\t<\/div>\r\n\t\t\t<div class=\"col-lg-4 col-md-12 mb-r\">\r\n\t\t\t\t<div class=\"col-md-6 float-left\">\r\n\t\t\t\t\t<div class=\"avatar\"><img decoding=\"async\" class=\"z-depth-1\" src=\"https:\/\/begabtenstiftung-informatik.de\/wp-content\/uploads\/2023\/07\/peter-deussen.png\" \/><\/div>\r\n\t\t\t\t<\/div>\r\n\t\t\t\t<div class=\"col-md-6 float-right\">\r\n\t\t\t\t\t<h6><strong>Prof. Dr. Peter Deussen<\/strong><\/h6>\r\n\t\t\t\t\t&rarr; <a href=\"https:\/\/www.informatik.kit.edu\/11147_10630.php\">Nachruf<\/a>\r\n\t\t\t\t\t\t\t<\/div>\r\n\t\t\t<\/div>\r\n\r\n\t\t\t<div class=\"col-lg-4 col-md-12 mb-r\">\r\n\t\t\t\t<div class=\"col-md-6 float-left\">\r\n\t\t\t\t\t<div class=\"avatar \"><img decoding=\"async\" class=\"z-depth-1\" src=\"https:\/\/begabtenstiftung-informatik.de\/wp-content\/uploads\/2023\/07\/Prof_Goos.png\" \/><\/div>\r\n\t\t\t\t<\/div>\r\n\t\t\t\t<div class=\"col-md-6 float-right\">\r\n\t\t\t\t\t<h6><strong>Prof. Dr. Gerhard Goos<\/strong><\/h6>\r\n\t\t\t\t\t&rarr; <a href=\"https:\/\/www.informatik.kit.edu\/11147_10773.php\">Nachruf<\/a>\r\n\t\t\t\t<\/div>\r\n\t\t\t<\/div>\t\r\n\t\t\t\r\n\t\t\t<div class=\"col-lg-4 col-md-12 mb-r\">\r\n\t\t\t\t<div class=\"col-md-6 float-left\">\r\n\t\t\t\t\t<div class=\"avatar \"><img decoding=\"async\" class=\"z-depth-1\" src=\"https:\/\/begabtenstiftung-informatik.de\/wp-content\/uploads\/2023\/07\/Goerke.png\" \/><\/div>\r\n\t\t\t\t<\/div>\r\n\t\t\t\t<div class=\"col-md-6 float-right\">\r\n\t\t\t\t\t<h6><strong>Prof. Dr. Winfried G\u00f6rke<\/strong><\/h6>\r\n\t\t\t\t\t&rarr; <a href=\"https:\/\/ces.itec.kit.edu\/21_500.php\">Informationen<\/a>\r\n\t\t\t\t<\/div>\r\n\t\t\t<\/div>\r\n\t\t\t\r\n\t\t\t<div class=\"col-lg-4 col-md-12 mb-r\">\r\n\t\t\t\t<div class=\"col-md-6 float-left\">\r\n\t\t\t\t\t<div class=\"avatar \"><img decoding=\"async\" class=\"z-depth-1\" src=\"https:\/\/begabtenstiftung-informatik.de\/wp-content\/uploads\/2023\/07\/Gerhard_Krueger.png\" \/><\/div>\r\n\t\t\t\t<\/div>\r\n\t\t\t\t<div class=\"col-md-6 float-right\">\r\n\t\t\t\t\t<h6><strong>Prof. Dr. Gerhard Kr\u00fcger<\/strong><\/h6>\r\n\t\t\t\t\t&rarr; <a href=\"https:\/\/www.informatik.kit.edu\/309_6800.php\">Nachruf<\/a>\r\n\t\t\t\t<\/div>\r\n\t\t\t<\/div>\r\n\t\t\t<div class=\"col-lg-4 col-md-12 mb-r\">\r\n\t\t\t\t<div class=\"col-md-6 float-left\">\r\n\t\t\t\t\t<div class=\"avatar \"><img decoding=\"async\" class=\"z-depth-1\" src=\"https:\/\/begabtenstiftung-informatik.de\/wp-content\/uploads\/2025\/07\/Professor-Lockemann-2.png\" \/><\/div>\r\n\t\t\t\t<\/div>\r\n\t\t\t\t<div class=\"col-md-6 float-right\">\r\n\t\t\t\t\t<h6><strong>Prof. Dr. Peter Lockemann<\/strong><\/h6>\r\n\t\t\t\t\t&rarr; <a href=\"https:\/\/www.informatik.kit.edu\/11147_14784.php\">Nachruf<\/a>\r\n\t\t\t\t<\/div>\r\n\t\t\t<\/div>\r\n\t\t\t<div class=\"col-lg-4 col-md-12 mb-r\">\r\n\t\t\t\t<div class=\"col-md-6 float-left\">\r\n\t\t\t\t\t<div class=\"avatar \"><img decoding=\"async\" class=\"z-depth-1\" src=\"https:\/\/begabtenstiftung-informatik.de\/wp-content\/uploads\/2023\/07\/Prof_menzel.png\" \/><\/div>\r\n\t\t\t\t<\/div>\r\n\t\t\t\t<div class=\"col-md-6 float-right\">\r\n\t\t\t\t\t<h6><strong>Prof. Dr. Wolfram Menzel<\/strong><\/h6>\r\n\t\t\t\t\t&rarr; <a href=\"https:\/\/www.informatik.kit.edu\/11147_12854.php\">Nachruf<\/a>\r\n\t\t\t\t<\/div>\r\n\t\t\t<\/div>\r\n\t\t\t<div class=\"col-lg-4 col-md-12 mb-r\">\r\n\t\t\t\t<div class=\"col-md-6 float-left\">\r\n\t\t\t\t\t<div class=\"avatar \"><img decoding=\"async\" class=\"z-depth-1\" src=\"https:\/\/begabtenstiftung-informatik.de\/wp-content\/uploads\/2023\/07\/Prof.-em.-Dr.-Alfred-A.-Schmitt.png\" \/><\/div>\r\n\t\t\t\t<\/div>\r\n\t\t\t\t<div class=\"col-md-6 float-right\">\r\n\t\t\t\t\t<h6><strong>Prof. Dr. Alfred Schmitt<\/strong><\/h6>\r\n\t\t\t\t\t&rarr; <a href=\"https:\/\/cg.ivd.kit.edu\/mitarbeiter_aschmitt.php\">Informationen<\/a>\r\n\t\t\t\t<\/div>\r\n\t\t\t<\/div>\r\n\t\t\t<div class=\"col-lg-4 col-md-12 mb-r\">\r\n\t\t\t\t<div class=\"col-md-6 float-left\">\r\n\t\t\t\t\t<div class=\"avatar \"><img decoding=\"async\" class=\"z-depth-1\" src=\"https:\/\/begabtenstiftung-informatik.de\/wp-content\/uploads\/2023\/07\/Adolf_Schreiner.png\" \/><\/div>\r\n\t\t\t\t<\/div>\r\n\t\t\t\t<div class=\"col-md-6 float-right\">\r\n\t\t\t\t\t<h6><strong>Prof. Dr. Adolf Schreiner<\/strong><\/h6>\r\n\t\t\t\t\t&rarr; <a href=\"https:\/\/www.informatik.kit.edu\/11147_15142.php\">Nachruf<\/a>\r\n\t\t\t\t<\/div>\r\n\t\t\t<\/div>\r\n\t\t\t<div class=\"col-lg-4 col-md-12 mb-r\">\r\n\t\t\t\t<div class=\"col-md-6 float-left\">\r\n\t\t\t\t\t<div class=\"avatar \"><img decoding=\"async\" class=\"z-depth-1\" src=\"https:\/\/begabtenstiftung-informatik.de\/wp-content\/uploads\/2023\/07\/Roland_Vollmar.png\" \/><\/div>\r\n\t\t\t\t<\/div>\r\n\t\t\t\t<div class=\"col-md-6 float-right\">\r\n\t\t\t\t\t<h6><strong>Prof. Dr. Roland Vollmar<\/strong><\/h6>\r\n\t\t\t\t\t&rarr; <a href=\"https:\/\/www.informatik.kit.edu\/english\/11147_3922.php\">Informationen<\/a>\r\n\t\t\t\t<\/div>\r\n\t\t\t<\/div>\r\n\t\t\t<\/div>\r\n\t\t\t<\/div>\r\n\t\t\t\t\r\n\t\t<hr \/>\t\r\n\t<div class=\"\">\r\n\t\t<div class=\"hidden-md-down\" style=\"height: 40px;\"><\/div>\r\n\t\t<h3 class=\"text-center\">Zustifter<\/h3>\r\n\t\t<div class=\"hidden-md-down\" style=\"height: 50px;\"><\/div>\r\n\t\t<div class=\"row center-on-small-only\">\r\n\t\t\t<div class=\"col-lg-4\">\r\n\t\t\t\t<div class=\"single-news\">\r\n\t\t\t\t\t<div class=\"row\">\r\n\t\t\t\t\t\t<div class=\"col-md-3\"><\/div>\r\n\t\t\t\t\t\t<div class=\"col-md-9\">\r\n\r\n\t\t\t\t\t\t\t<strong>Prof. Dr. Wilfried Juling<\/strong>\r\n\r\n\t\t\t\t\t\t<\/div>\r\n\t\t\t\t\t<\/div>\r\n\t\t\t\t<\/div>\r\n\t\t\t<\/div>\r\n\t\t\t<div class=\"col-lg-4\">\r\n\t\t\t\t<div class=\"single-news\">\r\n\t\t\t\t\t<div class=\"row\">\r\n\t\t\t\t\t\t<div class=\"col-md-3\"><\/div>\r\n\t\t\t\t\t\t<div class=\"col-md-9\">\r\n\r\n                            <strong>Prof. Dr. Peter Schmitt<\/strong>\r\n\r\n\t\t\t\t\t\t<\/div>\r\n\t\t\t\t\t<\/div>\r\n\t\t\t\t<\/div>\r\n\t\t\t<\/div>\r\n\t\t\t<div class=\"col-lg-4\">\r\n\t\t\t\t<div class=\"single-news\">\r\n\t\t\t\t\t<div class=\"row\">\r\n\t\t\t\t\t\t<div class=\"col-md-3\"><\/div>\r\n\t\t\t\t\t\t<div class=\"col-md-9\">\r\n\t\t\t\t\t\t\r\n\t\t\t<strong>Prof. Dr. Heinz W\u00f6rn<\/strong>\r\n\r\n\t\t\t\t\t\t<\/div>\r\n\t\t\t\t\t<\/div>\r\n\t\t\t\t<\/div>\r\n\t\t\t<\/div>\r\n\t\t\t<div class=\"col-lg-4\">\r\n\t\t\t\t<div class=\"single-news\">\r\n\t\t\t\t\t<div class=\"row\">\r\n\t\t\t\t\t\t<div class=\"col-md-3\"><\/div>\r\n\t\t\t\t\t\t<div class=\"col-md-9\">\r\n\t\t\t\t\t\t\r\n\t\t\t\t\t\t\t<strong>Adolf W\u00fcrth GmbH &amp; Co KG<\/strong>\r\n\r\n\t\t\t\t\t\t<\/div>\r\n\t\t\t\t\t<\/div>\r\n\t\t\t\t<\/div>\r\n\t\t\t<\/div>\r\n\t\t\t<div class=\"col-lg-4\">\r\n\t\t\t\t<div class=\"single-news\">\r\n\t\t\t\t\t<div class=\"row\">\r\n\t\t\t\t\t\t<div class=\"col-md-3\"><\/div>\r\n\t\t\t\t\t\t<div class=\"col-md-9\">\r\n\r\n\t\t\t\t\t\t\t<strong>Canoo AG<\/strong>\r\n\r\n\t\t\t\t\t\t<\/div>\r\n\t\t\t\t\t<\/div>\r\n\t\t\t\t<\/div>\r\n\t\t\t<\/div>\r\n\t\t\t<div class=\"col-lg-4\">\r\n\t\t\t\t<div class=\"single-news\">\r\n\t\t\t\t\t<div class=\"row\">\r\n\t\t\t\t\t\t<div class=\"col-md-3\"><\/div>\r\n\t\t\t\t\t\t<div class=\"col-md-9\">\r\n\r\n\t\t\t\t\t\t\t<strong>CAS Software AG<\/strong>\r\n\r\n\t\t\t\t\t\t<\/div>\r\n\t\t\t\t\t<\/div>\r\n\t\t\t\t<\/div>\r\n\t\t\t<\/div>\r\n\t\t\t<div class=\"col-lg-4\">\r\n\t\t\t\t<div class=\"single-news\">\r\n\t\t\t\t\t<div class=\"row\">\r\n\t\t\t\t\t\t<div class=\"col-md-3\"><\/div>\r\n\t\t\t\t\t\t<div class=\"col-md-9\">\r\n\r\n\t\t\t\t\t\t\t<strong>rotronic Messger\u00e4te GmbH<\/strong>\r\n\r\n                       <\/div>\r\n\t\t\t\t\t<\/div>\r\n\t\t\t\t<\/div>\r\n\t\t\t<\/div>\r\n\t\t\t<div class=\"col-lg-4\">\r\n\t\t\t\t<div class=\"single-news\">\r\n\t\t\t\t\t<div class=\"row\">\r\n\t\t\t\t\t\t<div class=\"col-md-3\"><\/div>\r\n\t\t\t\t\t\t<div class=\"col-md-9\">\r\n\r\n\t\t\t\t\t\t\t<strong>Secomp GmbH<\/strong>\r\n\t\t\t\t\t\t\t\r\n\t\t\t\t\t   <\/div>\r\n\t\t\t\t\t<\/div>\r\n\t\t\t\t<\/div>\r\n\t\t\t<\/div>\r\n\t\t\t<div class=\"col-lg-4\">\r\n\t\t\t\t<div class=\"single-news\">\r\n\t\t\t\t\t<div class=\"row\">\r\n\t\t\t\t\t\t<div class=\"col-md-3\"><\/div>\r\n\t\t\t\t\t\t<div class=\"col-md-9\">\r\n\r\n\t\t\t\t\t\t\t<strong>WiBu Systems AG<\/strong>\r\n\t\t\t<\/div>\t\t\r\n<\/div>\r\n<\/div>\r\n\t\t\t\t\t\t\r\n\t\t<\/div>\r\n\t<\/div>\r\n\t<\/div>\r\n\t<br \/>\r\n<hr \/><br \/>\t\t\r\n\t\t\t\r\n\t\r\n\t<div class=\"\">\r\n\t\t<h3 class=\"text-center\">Ihre Ansprechpartner<\/h3><br \/><br \/>\r\n\t\t<div class=\"hidden-md-down\" style=\"height: 20px;\"><\/div>\r\n\t\t<!-- Vorstand -->\r\n\t\t<div class=\"row center-on-small-only\">\r\n\t\t\t<div class=\"col-lg-4 col-md-12 mb-r\">\r\n\t\t\t\t<div class=\"col-md-6 float-left\">\r\n\t\t\t\t\t<div class=\"avatar\"><img decoding=\"async\" class=\"z-depth-1\" src=\"https:\/\/begabtenstiftung-informatik.de\/wp-content\/uploads\/2023\/07\/Tamim_Asfour_s.png\" \/><\/div>\r\n\t\t\t\t<\/div>\r\n\t\t\t\t<div class=\"col-md-6 float-right\">\r\n\t\t\t\t\t<h6><strong>Prof. Dr. Tamim Asfour<\/strong><\/h6>\r\n\t\t\t\t\t<h8>Vorsitzender des Vorstands \r\n\t\t\t\t\tder Stiftung<\/h8>\r\n\t\t\t\t<\/div>\r\n\t\t\t<\/div>\r\n\t\t\t<div class=\"col-lg-4 col-md-12 mb-r\">\r\n\t\t\t\t<div class=\"col-md-6 float-left\">\r\n\t\t\t\t\t<div class=\"avatar\"><img decoding=\"async\" class=\"z-depth-1\" src=\"https:\/\/begabtenstiftung-informatik.de\/wp-content\/uploads\/2023\/07\/Matthias_Grund_s.png\" \/><\/div>\r\n\t\t\t\t<\/div>\r\n\t\t\t\t<div class=\"col-md-6 float-right\">\r\n\t\t\t\t\t<h6><strong>Matthias Grund<\/strong><\/h6>\r\n\t\t\t\t\t<h8>Vorstand der Stiftung<\/h8>\r\n\t\t\t\t<\/div>\r\n\t\t\t<\/div>\r\n\r\n\t\t\t<div class=\"col-lg-4 col-md-12 mb-r\">\r\n\t\t\t\t<div class=\"col-md-6 float-left\">\r\n\t\t\t\t\t<div class=\"avatar \"><img decoding=\"async\" class=\"z-depth-1\" src=\"https:\/\/begabtenstiftung-informatik.de\/wp-content\/uploads\/2023\/07\/Ralf_Reussner.png\" \/><\/div>\r\n\t\t\t\t<\/div>\r\n\t\t\t\t<div class=\"col-md-6 float-right\">\r\n\t\t\t\t\t<h6><strong>Prof. Dr. Ralf Reussner<\/strong><\/h6>\r\n\t\t\t\t\t<h8>Vorstand der Stiftung<\/h8>\r\n\t\t\t\t<\/div>\r\n\t\t\t<\/div>\t\r\n\t\t\t\r\n\t\t\t<div class=\"col-lg-4 col-md-12 mb-r\">\r\n\t\t\t\t<div class=\"col-md-6 float-left\">\r\n\t\t\t\t\t<div class=\"avatar \"><img decoding=\"async\" class=\"z-depth-1\" src=\"https:\/\/begabtenstiftung-informatik.de\/wp-content\/uploads\/2023\/07\/Irina.Shendrik_s.png\" \/><\/div>\r\n\t\t\t\t<\/div>\r\n\t\t\t\t<div class=\"col-md-6 float-right\">\r\n\t\t\t\t\t<h6><strong>Irina Shendrik<\/strong><\/h6>\r\n\t\t\t\t\t<h8>Leiterin der Gesch\u00e4ftsstelle<\/h8>\r\n\t\t\t\t<\/div>\r\n\t\t\t<\/div>\r\n\t\t\t\r\n\t\t\t<div class=\"col-lg-4 col-md-12 mb-r\">\r\n\t\t\t\t<div class=\"col-md-6 float-left\">\r\n\t\t\t\t\t<div class=\"avatar \"><img decoding=\"async\" class=\"z-depth-1\" src=\"https:\/\/begabtenstiftung-informatik.de\/wp-content\/uploads\/2023\/07\/Prof.Juling_s.png\" \/><\/div>\r\n\t\t\t\t<\/div>\r\n\t\t\t\t<div class=\"col-md-6 float-right\">\r\n\t\t\t\t\t<h6><strong>Prof. Dr. Wilfried Juling<\/strong><\/h6>\r\n\t\t\t\t\t<h8>Vorsitzender des Kuratoriums der Stiftung<\/h8>\r\n\t\t\t\t<\/div>\r\n\t\t\t<\/div>\r\n\t\t\t<\/div>\r\n\t\t\t<\/div>\r\n\t\t\t\r\n\t\t\t<hr \/>\t\t\r\n\t<div class=\"mt-4\">\r\n\t\t<h3 class=\"text-center\">Vorstand<\/h3>\r\n\t\t<div class=\"hidden-md-down\" style=\"height: 50px;\"><\/div>\r\n\t\t<div class=\"row center-on-small-only\">\r\n\t\t\t<div class=\"col-lg-4\">\r\n\t\t\t\t<div class=\"single-news\">\r\n\t\t\t\t\t<div class=\"row\">\r\n\t\t\t\t\t\t<div class=\"col-md-3\"><\/div>\r\n\t\t\t\t\t\t<div class=\"col-md-9\">\r\n\r\n\t\t\t\t\t\t\t<strong>Prof. Dr. Tamim Asfour <\/strong><em>(Vorsitzender)<\/em>\r\n\r\n\t\t\t\t\t\t<\/div>\r\n\t\t\t\t\t<\/div>\r\n\t\t\t\t<\/div>\r\n\t\t\t<\/div>\r\n\t\t\t<div class=\"col-lg-4\">\r\n\t\t\t\t<div class=\"single-news\">\r\n\t\t\t\t\t<div class=\"row\">\r\n\t\t\t\t\t\t<div class=\"col-md-3\"><\/div>\r\n\t\t\t\t\t\t<div class=\"col-md-9\">\r\n\r\n\t\t\t\t\t\t\t<strong>Matthias Grund<\/strong>\r\n\r\n\t\t\t\t\t\t<\/div>\r\n\t\t\t\t\t<\/div>\r\n\t\t\t\t<\/div>\r\n\t\t\t<\/div>\r\n\t\t\t<div class=\"col-lg-4\">\r\n\t\t\t\t<div class=\"single-news\">\r\n\t\t\t\t\t<div class=\"row\">\r\n\t\t\t\t\t\t<div class=\"col-md-3\"><\/div>\r\n\t\t\t\t\t\t<div class=\"col-md-9\">\r\n\r\n\t\t\t\t\t\t\t<strong>Prof. Dr. Ralf Reussner<\/strong>\r\n\r\n\t\t\t\t\t\t<\/div>\r\n\t\t\t\t\t<\/div>\r\n\t\t\t\t<\/div>\r\n\t\t\t<\/div>\r\n\t\t\t<div class=\"col-lg-4\">\r\n\t\t\t\t<div class=\"single-news\">\r\n\t\t\t\t\t<div class=\"row\">\r\n\t\t\t\t\t\t<div class=\"col-md-3\"><\/div>\r\n\t\t\t\t\t\t<div class=\"col-md-9\">\r\n\r\n\t\t\t\t\t\t\t<strong>Irina Shendrik <\/strong><em>(Leiterin der Gesch\u00e4ftsstelle)<\/em>\r\n\r\n\t\t\t\t\t\t<\/div>\r\n\t\t\t\t\t<\/div>\r\n\t\t\t\t<\/div>\r\n\t\t\t<\/div>\r\n\t\t\t<div class=\"col-lg-4\">\r\n\t\t\t\t<div class=\"single-news\">\r\n\t\t\t\t\t<div class=\"row\">\r\n\t\t\t\t\t\t<div class=\"col-md-3\"><\/div>\r\n\t\t\t\t\t\t<div class=\"col-md-9\">\r\n\t\t\t\t\t\t<\/div>\r\n\t\t<\/div>\r\n\t<\/div>\r\n\t\t<\/div>\r\n\t\t<\/div>\r\n\t\t\r\n\t<hr \/>\t\t\r\n\t<div class=\"mt-4\">\r\n\t\t<h3 class=\"text-center\">Kuratorium<\/h3>\r\n\t\t<div class=\"hidden-md-down\" style=\"height: 50px;\"><\/div>\r\n\t\t<div class=\"row center-on-small-only\">\r\n\t\t\t<div class=\"col-lg-4\">\r\n\t\t\t\t<div class=\"single-news\">\r\n\t\t\t\t\t<div class=\"row\">\r\n\t\t\t\t\t\t<div class=\"col-md-3\"><\/div>\r\n\t\t\t\t\t\t<div class=\"col-md-9\">\r\n\r\n\t\t\t\t\t\t\t<strong>Prof. Dr. Wilfried Juling\u00a0<\/strong><em>(Vorsitzender)<\/em>\r\n\r\n\t\t\t\t\t\t<\/div>\r\n\t\t\t\t\t<\/div>\r\n\t\t\t\t<\/div>\r\n\t\t\t<\/div>\r\n\t\t\t<div class=\"col-lg-4\">\r\n\t\t\t\t<div class=\"single-news\">\r\n\t\t\t\t\t<div class=\"row\">\r\n\t\t\t\t\t\t<div class=\"col-md-3\"><\/div>\r\n\t\t\t\t\t\t<div class=\"col-md-9\">\r\n\r\n\t\t\t\t\t\t\t<strong>Prof. Dr. R\u00fcdiger Dillmann<\/strong>\r\n\r\n\t\t\t\t\t\t<\/div>\r\n\t\t\t\t\t<\/div>\r\n\t\t\t\t<\/div>\r\n\t\t\t<\/div>\r\n\t\t\t<div class=\"col-lg-4\">\r\n\t\t\t\t<div class=\"single-news\">\r\n\t\t\t\t\t<div class=\"row\">\r\n\t\t\t\t\t\t<div class=\"col-md-3\"><\/div>\r\n\t\t\t\t\t\t<div class=\"col-md-9\">\r\n\r\n\t\t\t\t\t\t\t<strong>Prof. Dr. Hannes Hartenstein<\/strong>\r\n\r\n\t\t\t\t\t\t<\/div>\r\n\t\t\t\t\t<\/div>\r\n\t\t\t\t<\/div>\r\n\t\t\t<\/div>\r\n\t\t\t<div class=\"col-lg-4\">\r\n\t\t\t\t<div class=\"single-news\">\r\n\t\t\t\t\t<div class=\"row\">\r\n\t\t\t\t\t\t<div class=\"col-md-3\"><\/div>\r\n\t\t\t\t\t\t<div class=\"col-md-9\">\r\n\r\n\t\t\t\t\t\t\t<strong>David Hermanns<\/strong>\r\n\r\n\t\t\t\t\t\t<\/div>\r\n\t\t\t\t\t<\/div>\r\n\t\t\t\t<\/div>\r\n\t\t\t<\/div>\r\n\t\t\t<div class=\"col-lg-4\">\r\n\t\t\t\t<div class=\"single-news\">\r\n\t\t\t\t\t<div class=\"row\">\r\n\t\t\t\t\t\t<div class=\"col-md-3\"><\/div>\r\n\t\t\t\t\t\t<div class=\"col-md-9\">\r\n\r\n\t\t\t\t\t\t\t<strong>Dr. Thomas Lindner<\/strong>\r\n\r\n\t\t\t\t\t\t<\/div>\r\n\t\t\t\t\t<\/div>\r\n\t\t\t\t<\/div>\r\n\t\t\t<\/div>\r\n\t\t\t<div class=\"col-lg-4\">\r\n\t\t\t\t<div class=\"single-news\">\r\n\t\t\t\t\t<div class=\"row\">\r\n\t\t\t\t\t\t<div class=\"col-md-3\"><\/div>\r\n\t\t\t\t\t\t<div class=\"col-md-9\">\r\n\t\t\t\t\t\t\r\n                            <strong>Prof. Dr. J\u00f6rn M\u00fcller-Quade<\/strong>\r\n\r\n\t\t\t\t\t\t<\/div>\r\n\t\t\t\t\t<\/div>\r\n\t\t\t\t<\/div>\r\n\t\t\t<\/div>\r\n\t\t\t<div class=\"col-lg-4\">\r\n\t\t\t\t<div class=\"single-news\">\r\n\t\t\t\t\t<div class=\"row\">\r\n\t\t\t\t\t\t<div class=\"col-md-3\"><\/div>\r\n\t\t\t\t\t\t<div class=\"col-md-9\">\r\n\r\n\t\t\t\t\t\t\t<strong>Prof. Dr. Rainer Stiefelhagen<\/strong>\r\n\r\n                        <\/div>\r\n\t\t\t\t\t<\/div>\r\n\t\t\t\t<\/div>\r\n\t\t\t<\/div>\r\n\t\t\t<div class=\"col-lg-4\">\r\n\t\t\t\t<div class=\"single-news\">\r\n\t\t\t\t\t<div class=\"row\">\r\n\t\t\t\t\t\t<div class=\"col-md-3\"><\/div>\r\n\t\t\t\t\t\t<div class=\"col-md-9\">\r\n\r\n\t\t\t\t\t\t\t<strong>Prof. Dr. Dorothea Wagner<\/strong>\r\n\t\t\t\t\t\t\t\r\n\t\t\t\t\t\t<\/div>\r\n\t\t\t\t\t<\/div>\r\n\t\t\t\t<\/div>\r\n\t\t\t<\/div>\r\n\t\t\t<\/div>\r\n\t\t\t<\/div>\r\n\t\t<\/div>\r\n\t\t\t\r\n\t\t\t\r\n\t\r\n\t\r\n\t\t\t\t\r\n\t\t\r\n<\/section>","protected":false},"excerpt":{"rendered":"Die Gr\u00fcnder: Pioniere der Informatik in Deutschland Die KIT-Fakult\u00e4t f\u00fcr Informatik wurde 1972 als erste Informatik-Fakult\u00e4t in Deutschland gegr\u00fcndet. Die Professoren der ersten Generation errichteten im Jahr 2008 die Begabtenstiftung Informatik Karlsruhe mit dem Ziel, an \u201eihrer\u201c Fakult\u00e4t herausragende Studierende zu unterst\u00fctzen.\u201d Satzung der Stiftung Die Gr\u00fcndungsstifter Ingrid Schroff &rarr; Informationen Prof. Dr. Peter Deussen [&hellip;]","protected":false},"author":2,"featured_media":0,"parent":0,"menu_order":0,"comment_status":"closed","ping_status":"closed","template":"","meta":[],"_links":{"self":[{"href":"https:\/\/begabtenstiftung-informatik.de\/index.php\/wp-json\/wp\/v2\/pages\/67"}],"collection":[{"href":"https:\/\/begabtenstiftung-informatik.de\/index.php\/wp-json\/wp\/v2\/pages"}],"about":[{"href":"https:\/\/begabtenstiftung-informatik.de\/index.php\/wp-json\/wp\/v2\/types\/page"}],"author":[{"embeddable":true,"href":"https:\/\/begabtenstiftung-informatik.de\/index.php\/wp-json\/wp\/v2\/users\/2"}],"replies":[{"embeddable":true,"href":"https:\/\/begabtenstiftung-informatik.de\/index.php\/wp-json\/wp\/v2\/comments?post=67"}],"version-history":[{"count":146,"href":"https:\/\/begabtenstiftung-informatik.de\/index.php\/wp-json\/wp\/v2\/pages\/67\/revisions"}],"predecessor-version":[{"id":1973,"href":"https:\/\/begabtenstiftung-informatik.de\/index.php\/wp-json\/wp\/v2\/pages\/67\/revisions\/1973"}],"wp:attachment":[{"href":"https:\/\/begabtenstiftung-informatik.de\/index.php\/wp-json\/wp\/v2\/media?parent=67"}],"curies":[{"name":"wp","href":"https:\/\/api.w.org\/{rel}","templated":true}]}}