{"id":647,"date":"2023-06-01T10:30:18","date_gmt":"2023-06-01T10:30:18","guid":{"rendered":"https:\/\/begabtenstiftung-informatik.de\/?page_id=647"},"modified":"2025-08-20T10:27:29","modified_gmt":"2025-08-20T10:27:29","slug":"veranstaltungen-news","status":"publish","type":"page","link":"https:\/\/begabtenstiftung-informatik.de\/index.php\/de\/veranstaltungen-news\/","title":{"rendered":"News"},"content":{"rendered":"<section class=\"section magazine-section row\">\r\n\r\n\r\n<div class=\"col-md-12\">\r\n\t<h2 class=\"section-heading\" style=\"text-align: left;\">News<\/h2>\r\n\r\n<div class=\"media mt-4 px-1 text-md-left\">\r\n\t\t<img decoding=\"async\" style=\"height: 160px;\" class=\"card-img-100 d-flex mr-3\" src=\"https:\/\/begabtenstiftung-informatik.de\/wp-content\/uploads\/2025\/08\/IMG_0309-scaled.jpg\">\r\n\t\t\t<div class=\"media-body\">\r\n\t\t\t\t<h5 class=\"font-weight-bold mt-0\">Tag der Informatik 2025\r\n\t\t\t\t<\/h5><br \/>\r\n\t\t\t\t<p>Am 1. August war es wieder so weit \u2013 die KIT-Fakult\u00e4t f\u00fcr Informatik verabschiedete feierlich ihre Absolvent:innen und Promovierten des vergangenen Jahres.<\/p>\r\n\t\t\t\t<p>Der Vorstandsvorsitzende der Begabtenstiftung, Prof. Dr.-Ing Tamim Asfour, gratulierte Martin Lange pers\u00f6nlich und \u00fcberreichte ihm die Urkunde f\u00fcr den besten Studienabschluss 2024\/25. Wir w\u00fcnschen allen Absolvent:innen, dass sie ihre Ziele mit Erfolg, Freude und Neugier erreichen!<\/p>\r\n\t\t\t\t<p>Nach dem offiziellen Teil waren die G\u00e4ste zu einem sommerlichen Empfang eingeladen \u2013 mit guten Gespr\u00e4chen, neuen Begegnungen und einem Hauch Feierabendstimmung.<\/p>\r\n\r\n<\/div>\r\n\t\t<\/div>\r\n\t\t\t<hr \/>\r\n\r\n<div class=\"media mt-4 px-1 text-md-left\">\r\n\t\t<img decoding=\"async\" style=\"height: 155px;\" class=\"card-img-100 d-flex mr-3\" src=\"https:\/\/begabtenstiftung-informatik.de\/wp-content\/uploads\/2025\/07\/Professor-Lockemann-1-1.png\">\r\n\t\t\t<div class=\"media-body\">\r\n\t\t\t\t<h5 class=\"font-weight-bold mt-0\">Wir trauern um Professor Peter Lockemann\r\n\t\t\t\t<\/h5><br \/>\r\n\t\t\t\t<p>Am 21. Juli hat uns die traurige Nachricht erreicht, dass Prof. em. Dr.-Ing. Dr. h.c. Peter Lockemann, einer der Gr\u00fcndungsv\u00e4ter der KIT-Fakult\u00e4t f\u00fcr Informatik, im Alter von 89 Jahren pl\u00f6tzlich verstorben ist.<\/p>\r\n\t\t\t\t\r\n<p>Professor Lockemann geh\u00f6rt zu den Gr\u00fcndungstiftern der Begabtenstiftung und hat \u00fcber viele Jahre als Vorsitzender des Stiftungsvorstands gewirkt. Er hat bis zuletzt mit gro\u00dfer Freude und Energie Anteil an unseren Aktivit\u00e4ten genommen. Noch vor wenigen Wochen hat er es sich nicht nehmen lassen, an unserer Kuratoriumssitzung teilzunehmen.<\/p>\r\n\r\n<p>Wir sind sehr traurig. Unsere Gedanken sind bei seiner Familie.<\/p>\r\n<\/div>\r\n\t\t<\/div>\r\n\t\t\t<hr \/>\r\n\t\r\n\t<div class=\"media mt-4 px-1 text-md-left\">\r\n\t\t<img decoding=\"async\" style=\"height: 140px;\" class=\"card-img-100 d-flex mr-3\" src=\"https:\/\/begabtenstiftung-informatik.de\/wp-content\/uploads\/2024\/08\/Td-Informatik_2024_094-scaled.jpg\">\r\n\t\t\t<div class=\"media-body\">\r\n\t\t\t\t<h5 class=\"font-weight-bold mt-0\">Tag der Informatik 2024\r\n\t\t\t\t<\/h5><br \/>\r\n\t\t\t\t<p>Der Tag der Informatik ist ein herausragendes Ereignis, an dem die KIT-Fakult\u00e4t f\u00fcr Informatik ihre Absolventinnen und Absolventen sowie ihre Promovierten feierlich verabschiedet. Dieses Jahr waren es \u00fcber 200! Es war uns eine gro\u00dfe Freude, Teil der Feier zu sein und alle zum anschlie\u00dfenden Sommerfest der Informatik zu begr\u00fc\u00dfen.<\/p>\r\n\r\n<p>Der Vorstandsvorsitzende der Begabtenstiftung Professor Dr. Tamim Asfour gratulierte Lucas Alber pers\u00f6nlich und \u00fcberreichte ihm das Zertifikat f\u00fcr den besten Studienabschluss 2023\/24. Wir w\u00fcnschen allen Absolventinnen und Absolventen viel Erfolg und Freude bei der Verwirklichung ihrer beruflichen Ziele.\r\n<\/p> \r\n\t\t\t\t\r\n\t\t\t\t<\/div>\r\n\t\t<\/div>\r\n\t\t\t<hr \/>\r\n\t\r\n\t<div class=\"media mt-4 px-1 text-md-left\">\r\n\t\t<img decoding=\"async\" style=\"height: 150px;\" class=\"card-img-100 d-flex mr-3\" src=\"https:\/\/begabtenstiftung-informatik.de\/wp-content\/uploads\/2024\/07\/IMG_5710-scaled.jpeg\">\r\n\t\t\t<div class=\"media-body\">\r\n\t\t\t\t<h5 class=\"font-weight-bold mt-0\">Netzwerkveranstaltung bei der Exxeta\r\n\t\t\t\t<\/h5><br \/>\r\n\t\t\t\t<p>Am 17.07.24 begr\u00fc\u00dfte die Exxeta die Studierenden der Begabtenstiftung Informatik Karlsruhe in ihrem neuen Headquarter in Karlsruhe.<\/p> \r\n\t\t\t\t\r\n\t\t\t\t<p>Ein Highlight des Abends? Der Vortrag von Andr\u00e9 Lindenberg \u201eGenAI als Treiber von Digitalisierung und Automatisierung\u201c am Beispiel des Wohngeldantrags f\u00fcr die Stadt Leipzig. Neben spannenden Fachthemen gab es auch viel Raum f\u00fcr pers\u00f6nlichen Austausch. <\/p> \r\n\t\t\t\t\r\n\t\t\t\t<\/div>\r\n\t\t<\/div>\r\n\t\t\t<hr \/>\r\n\t\r\n\t\t<div class=\"media mt-4 px-1 text-md-left\">\r\n\t\t<img decoding=\"async\" style=\"height: 140px;\" class=\"card-img-100 d-flex mr-3\" src=\"https:\/\/begabtenstiftung-informatik.de\/wp-content\/uploads\/2024\/07\/IMG_4859-1-scaled.jpg\">\r\n\t\t\t<div class=\"media-body\">\r\n\t\t\t\t<h5 class=\"font-weight-bold mt-0\">Zweites Professorenfr\u00fchst\u00fcck erfolgreich durchgef\u00fchrt\r\n\t\t\t\t<\/h5><br \/>\r\n\t\t\t\t<p>Das Professorenfr\u00fchst\u00fcck ist f\u00fcr uns mittlerweile eine sch\u00f6ne Tradition geworden. Denn nicht nur die Studierenden haben viele Fragen an die Professor:innen, sondern auch f\u00fcr die Professor:innen ist es wichtig, am Leben der Studierenden teilzuhaben und Informationen aus erster Hand zu erhalten. Und was schafft eine angenehmere Atmosph\u00e4re als ein gemeinsames Fr\u00fchst\u00fcck? Dieses Mal fand es im neuen Geb\u00e4ude &#8211; InformatiKOM &#8211; statt.<\/p> \r\n\t\t\t\t\r\n\t\t\t\t<\/div>\r\n\t\t<\/div>\r\n\t\t\t<hr \/>\r\n\t\r\n\t<div class=\"media mt-4 px-1 text-md-left\">\r\n\t\t<img decoding=\"async\" style=\"height: 137px;\" class=\"card-img-100 d-flex mr-3\" src=\"https:\/\/begabtenstiftung-informatik.de\/wp-content\/uploads\/2024\/05\/IMG_15.05_2-scaled.jpg\">\r\n\t\t\t<div class=\"media-body\">\r\n\t\t\t\t<h5 class=\"font-weight-bold mt-0\">Partnerveranstaltung &#8220;Cyber Security Jeopardy&#8221;  \r\n\t\t\t\t<\/h5><br \/>\r\n\t\t\t\t<p>Am 15.05.24 fand eine Partnerveranstaltung statt, zu der die Firma GRENKE digital eingeladen hatte. Rolf Haynberg und sein IT-Security-Team beleuchteten das Thema der Cybersicherheit im Unternehmensumfeld und erinnerten an WannaCry und dessen Folgen.\r\n\r\nAu\u00dferdem zeigten Studierende des KIT und Auszubildende von GRENKE in einem interaktiven Format ihr Wissen in diesem Bereich. Und das Einzige, was wir sagen k\u00f6nnen: Wir sind stolz!\r\n\r\nWir bedanken uns herzlich beim gesamten GRENKE-Team f\u00fcr die informative und unterhaltsame Veranstaltung!<\/p>  \r\n\t\t\t\t\r\n\t\t\t\t\t\r\n\t\t<\/div>\r\n\t\t<\/div>\r\n\t\t\t<hr \/>\r\n\t\r\n\t<div class=\"media mt-4 px-1 text-md-left\">\r\n\t\t<img decoding=\"async\" style=\"height: 147px;\" class=\"card-img-100 d-flex mr-3\" src=\"https:\/\/begabtenstiftung-informatik.de\/wp-content\/uploads\/2024\/05\/Veranstaltung_andrena.png\">\r\n\t\t\t<div class=\"media-body\">\r\n\t\t\t\t<h5 class=\"font-weight-bold mt-0\">Erste Partnerschaftsveranstaltung des Sommersemesters  \r\n\t\t\t\t<\/h5><br \/>\r\n\t\t\t\t<p>Am 24.04.2024 fand erfolgreich die Veranstaltung zum Thema \u201eSoftware-Profis in der KI-\u00c4ra\u201c statt. Dieses Mal wurden die G\u00e4ste von unserem Industriepartner, der Firma andrena objects ag, begr\u00fc\u00dft, die diese Woche auch in ihre neuen R\u00e4umlichkeiten gezogen ist.\r\n\r\n<p>Ein herzliches Dankesch\u00f6n geht an unsere Referenten Frau Prof. Dr. Anne Koziolek und Herrn Steve Haupt sowie an alle Teilnehmenden f\u00fcr die anregende Diskussion. Es war ein sehr reger Austausch zwischen Studierenden, Industriepartnern, Professorinnen und Professoren.<\/p>  \r\n\t\t\t\t\r\n\t\t\t\t\t\r\n\t\t<\/div>\r\n\t\t<\/div>\r\n\t\t\t<hr \/>\r\n\t\r\n\t<div class=\"media mt-4 px-1 text-md-left\">\r\n\t\t<img decoding=\"async\" style=\"height: 142px;\" class=\"card-img-100 d-flex mr-3\" src=\"https:\/\/begabtenstiftung-informatik.de\/wp-content\/uploads\/2024\/02\/PF-05.02.24-1-scaled.jpg\">\r\n\t\t\t<div class=\"media-body\">\r\n\t\t\t\t<h5 class=\"font-weight-bold mt-0\">Erstes Fr\u00fchst\u00fcck mit Professoren \r\n\t\t\t\t<\/h5><br \/>\r\n\t\t\t\t<p>Kommunikation erleichtert zweifellos den Alltag, insbesondere im Bildungsbereich. Aus diesem Grund haben wir das erste Professorenfr\u00fchst\u00fcck ins Leben gerufen, bei dem Stipendiaten und ihre Professoren-Mentoren die Gelegenheit hatten, sich kennen zu lernen, Informationen auszutauschen und spannende Fragen zu diskutieren.<\/p>  \r\n\t\t\t\t\r\n\t\t\t\t<p>Nach der ersten Pr\u00fcfung gab es beim Fr\u00fchst\u00fcck in entspannter Atmosph\u00e4re viel Gespr\u00e4chsstoff.<\/p> \r\n\t\t\t\t\t\r\n\t\t<\/div>\r\n\t\t<\/div>\r\n\t\t\t<hr \/>\r\n\t\r\n\t<div class=\"media mt-4 px-1 text-md-left\">\r\n\t\t<img decoding=\"async\" style=\"height: 140px;\" class=\"card-img-100 d-flex mr-3\" src=\"https:\/\/begabtenstiftung-informatik.de\/wp-content\/uploads\/2024\/02\/P1020547-scaled.jpg\">\r\n\t\t\t<div class=\"media-body\">\r\n\t\t\t\t<h5 class=\"font-weight-bold mt-0\">Das erste Event im Jahr 2024 hat bereits stattgefunden!\r\n\t\t\t\t<\/h5><br \/>\r\n\t\t\t\t<p> Das nennen wir einen gelungenen Start ins Jahr. Die Pl\u00e4ne sind ehrgeizig, die Stipendiaten sind engagiert, und die Partner sind maximal in die Mentorrolle eingebunden.<\/p> \r\n\t\t\t\t\r\n\t\t\t\t<p>Die Firma arconsis hat als Partner der Begabtenstiftung in einer gem\u00fctlichen Atmosph\u00e4re die G\u00e4ste empfangen. Wir haben uns den Vortrag von Achim Baier, Gesch\u00e4ftsf\u00fchrer der arconsis, zu aktuellen Themen f\u00fcr Studenten im IT-Bereich angeh\u00f6rt. Danach gab es ein Kennenlernen, die \u00dcberreichung von Urkunden, Pizza und Bier.<\/p> \r\n\t\t\t\t\r\n\t\t\t\t<p>Solche Events werden wir jeden Monat organisieren: in den B\u00fcros der Partner, an der Fakult\u00e4t f\u00fcr Informatik und an anderen interessanten Orten.<\/p> \r\n\t\t\t\t\r\n\t\t\t\t\r\n\t\t<\/div>\r\n\t\t<\/div>\r\n\t\t\t<hr \/>\r\n\t\r\n\t\t<div class=\"media mt-4 px-1 text-md-left\">\r\n\t\t<img decoding=\"async\" style=\"height: 140px;\" class=\"card-img-100 d-flex mr-3\" src=\"https:\/\/begabtenstiftung-informatik.de\/wp-content\/uploads\/2023\/12\/photo_5192753368425158999_y.jpg\">\r\n\t\t\t<div class=\"media-body\">\r\n\t\t\t\t<h5 class=\"font-weight-bold mt-0\">Karlsruher Informatik Industrie-Stipendium 2023\r\n\t\t\t\t<\/h5><br \/>\r\n\t\t\t\t<p>Am 23. November und am 27. November haben wir viele Bewerberinnen und Bewerber f\u00fcr unser diesj\u00e4hriges KIIS \u2013 Karlsruher Informatik Industrie-Stipendium \u2013 interviewt. Das Interesse an der Ausschreibung war riesengro\u00df, zahlreiche sehr gute Bewerbungen sind eingegangen. Die Auswahl ist uns nicht leichtgefallen. Schlussendlich haben wir 18 Studierende in unser Mentoring-Programm aufgenommen, acht werden wir auch finanziell f\u00f6rdern.<\/p> \r\n\t\t\t\t\r\n\t\t\t\t<p>Wir danken unseren Partnern daher herzlich f\u00fcr ihren Beitrag zur F\u00f6rderung begabter Studierender.<\/p>\r\n\t\t\t\t\r\n\t\t<\/div>\r\n\t\t<\/div>\r\n\t\t\t<hr \/>\r\n\t\t\r\n\t\t<div class=\"media mt-4 px-1 text-md-left\">\r\n\t\t<img decoding=\"async\" style=\"height: 140px;\" class=\"card-img-100 d-flex mr-3\" src=\"https:\/\/begabtenstiftung-informatik.de\/wp-content\/uploads\/2023\/12\/20231117-DD-01-041-scaled.jpg\">\r\n\t\t\t<div class=\"media-body\">\r\n\t\t\t\t<h5 class=\"font-weight-bold mt-0\">Verleihung des Deutschlandstipendiums am KIT\r\n\t\t\t\t<\/h5><br \/>\r\n\t\t\t\t<p>Am 16. November fand am KIT Campus S\u00fcd die feierliche Verleihung des Deutschlandstipendiums statt. In diesem Jahr erhielt Daria Maksimova die wohlverdiente finanzielle Unterst\u00fctzung der Begabtenstiftung. Neben herausragenden Noten wurden dabei auch ihr gesellschaftliches Engagement und besondere pers\u00f6nliche Leistungen ber\u00fccksichtigt. Dar\u00fcber hinaus wurde Daria in das exklusive Mentorenprogramm der Begabtenstiftung aufgenommen.<\/p>\r\n\t\t\t\t\r\n\t\t\t\t<p>Lasst uns gemeinsam Daria viel Erfolg und Gl\u00fcck am Anfang ihres Studienwegs w\u00fcnschen. M\u00f6ge ihr Weg von weiteren beeindruckenden Leistungen und positiven Entwicklungen gepr\u00e4gt sein.<\/p> \r\n\t\t\t\t\r\n\t\t<\/div>\r\n\t\t<\/div>\r\n\t\t\t<hr \/>\t\r\n\t\t\r\n\t\t<div class=\"media mt-4 px-1 text-md-left\">\r\n\t\t\t<img decoding=\"async\" style=\"height: 140px;\" class=\"card-img-100 d-flex mr-3\" src=\"https:\/\/begabtenstiftung-informatik.de\/wp-content\/uploads\/2023\/09\/Preisverleihung_2023_Absolventenpreis_Foerderung_Begabetnstiftung_rdax_1200x800s.jpg\">\r\n\t\t\t<div class=\"media-body\">\r\n\t\t\t\t<h5 class=\"font-weight-bold mt-0\">Verleihung des Absolventenpreises 2022 an der KIT-Fakult\u00e4t f\u00fcr Informatik\r\n\t\t\t\t<\/h5><br \/>\r\n\t\t\t\t<p>Die Begabtenstiftung Informatik Karlsruhe f\u00f6rdert seit 2021 j\u00e4hrlich den Preis f\u00fcr die beste Absolventin \/ den besten Absolventen der KIT-Fakult\u00e4t f\u00fcr Informatik. Der Preis ist mit 3.000 Euro dotiert.<\/p> \r\n\r\n                <p>Als bester Absolvent 2022 der KIT-Fakult\u00e4t f\u00fcr Informatik wurde Herr Johannes Reibold, B.Sc. f\u00fcr seine herausragenden Leistungen ausgezeichnet. Die Preisverleihung fand im Rahmen des Tags der Informatik am 20. Juli 2023 statt.<\/p>\r\n\t\t\t\t\r\n\t\t\t<\/div>\r\n\t\t<\/div>\r\n\t\t<hr \/>\r\n\t<\/div>\r\n\r\n\t\r\n\t\r\n\t\t","protected":false},"excerpt":{"rendered":"News Tag der Informatik 2025 Am 1. August war es wieder so weit \u2013 die KIT-Fakult\u00e4t f\u00fcr Informatik verabschiedete feierlich ihre Absolvent:innen und Promovierten des vergangenen Jahres. Der Vorstandsvorsitzende der Begabtenstiftung, Prof. Dr.-Ing Tamim Asfour, gratulierte Martin Lange pers\u00f6nlich und \u00fcberreichte ihm die Urkunde f\u00fcr den besten Studienabschluss 2024\/25. Wir w\u00fcnschen allen Absolvent:innen, dass sie [&hellip;]","protected":false},"author":4,"featured_media":0,"parent":0,"menu_order":0,"comment_status":"closed","ping_status":"closed","template":"","meta":[],"_links":{"self":[{"href":"https:\/\/begabtenstiftung-informatik.de\/index.php\/wp-json\/wp\/v2\/pages\/647"}],"collection":[{"href":"https:\/\/begabtenstiftung-informatik.de\/index.php\/wp-json\/wp\/v2\/pages"}],"about":[{"href":"https:\/\/begabtenstiftung-informatik.de\/index.php\/wp-json\/wp\/v2\/types\/page"}],"author":[{"embeddable":true,"href":"https:\/\/begabtenstiftung-informatik.de\/index.php\/wp-json\/wp\/v2\/users\/4"}],"replies":[{"embeddable":true,"href":"https:\/\/begabtenstiftung-informatik.de\/index.php\/wp-json\/wp\/v2\/comments?post=647"}],"version-history":[{"count":181,"href":"https:\/\/begabtenstiftung-informatik.de\/index.php\/wp-json\/wp\/v2\/pages\/647\/revisions"}],"predecessor-version":[{"id":1909,"href":"https:\/\/begabtenstiftung-informatik.de\/index.php\/wp-json\/wp\/v2\/pages\/647\/revisions\/1909"}],"wp:attachment":[{"href":"https:\/\/begabtenstiftung-informatik.de\/index.php\/wp-json\/wp\/v2\/media?parent=647"}],"curies":[{"name":"wp","href":"https:\/\/api.w.org\/{rel}","templated":true}]}}