{"id":61,"date":"2017-05-18T17:54:50","date_gmt":"2017-05-18T17:54:50","guid":{"rendered":"http:\/\/h2t-projects.webarchiv.kit.edu\/begabtenstiftung-informatik\/?page_id=61"},"modified":"2026-03-06T10:18:11","modified_gmt":"2026-03-06T10:18:11","slug":"kontakt","status":"publish","type":"page","link":"https:\/\/begabtenstiftung-informatik.de\/index.php\/de\/kontakt\/","title":{"rendered":"Kontakt"},"content":{"rendered":"<section class=\"section\">\r\n\r\n<div class=\"row\">\r\n    <div class=\"col-12 text-center\">\r\n        <h1 class=\"section-heading\">Kontaktinformationen<\/h1>\r\n    <\/div>\r\n<\/div>\r\n\r\n<div class=\"row mt-4\">\r\n\r\n    <div class=\"col-md-3 text-center\">\r\n        <div class=\"avatar\">\r\n            <img decoding=\"async\" class=\"img-fluid z-depth-1\"\r\n                 src=\"https:\/\/begabtenstiftung-informatik.de\/wp-content\/uploads\/2023\/07\/Tamim_Asfour_s.png\">\r\n        <\/div>\r\n    <\/div>\r\n\r\n    <div class=\"col-md-3\">\r\n        <h4>Prof. Dr. Tamim Asfour<\/h4>\r\n        <h5>KIT<\/h5>\r\n\r\n        <ul class=\"contact-icons\">\r\n            <li>\r\n                <i class=\"fa fa-map-marker fa-2x\"><\/i>\r\n                <p>\r\n                    KIT \u2013 Campus S\u00fcd<br>\r\n                    Fakult\u00e4t f\u00fcr Informatik<br>\r\n                    76131 Karlsruhe\r\n                <\/p>\r\n            <\/li>\r\n\r\n            <li>\r\n                <i class=\"fa fa-envelope fa-2x\"><\/i>\r\n                <p>\r\n                    <a href=\"mailto:vorstand@begabtenstiftung-informatik.de\">\r\n                        <strong>vorstand[at]begabtenstiftung-informatik.de<\/strong>\r\n                    <\/a>\r\n                <\/p>\r\n            <\/li>\r\n        <\/ul>\r\n    <\/div>\r\n\r\n    <div class=\"col-md-6 pt-3\" style=\"border:2px solid #003049\">\r\n        <h4>Spenden<\/h4>\r\n        <p>Wir freuen uns \u00fcber jede Spende und bedanken uns herzlich f\u00fcr die Unterst\u00fctzung.<\/p>\r\n\r\n        <p>\r\n            Commerzbank Karlsruhe<br>\r\n            Kontoinhaber: Begabtenstiftung Informatik Karlsruhe<br>\r\n            IBAN: DE67 6608 0052 0865 0603 00<br>\r\n            BIC: DRESDEFF660\r\n        <\/p>\r\n    <\/div>\r\n\r\n<\/div>\r\n\r\n<hr class=\"mt-4\">\r\n\r\n<div class=\"text-center\">\r\n    \n<div class=\"wpcf7 no-js\" id=\"wpcf7-f715-o1\" lang=\"de-DE\" dir=\"ltr\">\n<div class=\"screen-reader-response\"><p role=\"status\" aria-live=\"polite\" aria-atomic=\"true\"><\/p> <ul><\/ul><\/div>\n<form action=\"\/index.php\/wp-json\/wp\/v2\/pages\/61#wpcf7-f715-o1\" method=\"post\" class=\"wpcf7-form init\" aria-label=\"Kontaktformular\" novalidate=\"novalidate\" data-status=\"init\">\n<div style=\"display: none;\">\n<input type=\"hidden\" name=\"_wpcf7\" value=\"715\" \/>\n<input type=\"hidden\" name=\"_wpcf7_version\" value=\"5.7.7\" \/>\n<input type=\"hidden\" name=\"_wpcf7_locale\" value=\"de_DE\" \/>\n<input type=\"hidden\" name=\"_wpcf7_unit_tag\" value=\"wpcf7-f715-o1\" \/>\n<input type=\"hidden\" name=\"_wpcf7_container_post\" value=\"0\" \/>\n<input type=\"hidden\" name=\"_wpcf7_posted_data_hash\" value=\"\" \/>\n<input type=\"hidden\" name=\"_wpcf7_recaptcha_response\" value=\"\" \/>\n<\/div>\n<div class=\"row\">\n\t<h3 class=\"section-heading\">Wir freuen uns auf Ihre Nachricht\n\t<\/h3>\n<\/div>\n<div class=\"row\">\n\t<div class=\"col-md-4\">\n\t\t<div class=\"form-group\">\n\t\t\t<p><label for=\"your-name\">Vorname und Name<\/label><br \/>\n<span class=\"wpcf7-form-control-wrap\" data-name=\"your-name\"><input size=\"40\" class=\"wpcf7-form-control wpcf7-text wpcf7-validates-as-required form-control\" aria-required=\"true\" aria-invalid=\"false\" value=\"\" type=\"text\" name=\"your-name\" \/><\/span>\n\t\t\t<\/p>\n\t\t<\/div>\n\t<\/div>\n\t<div class=\"col-md-4\">\n\t\t<div class=\"form-group\">\n\t\t\t<p><label for=\"your-email\">E-Mail<\/label><br \/>\n<span class=\"wpcf7-form-control-wrap\" data-name=\"your-email\"><input size=\"40\" class=\"wpcf7-form-control wpcf7-text wpcf7-email wpcf7-validates-as-required wpcf7-validates-as-email form-control\" aria-required=\"true\" aria-invalid=\"false\" value=\"\" type=\"email\" name=\"your-email\" \/><\/span>\n\t\t\t<\/p>\n\t\t<\/div>\n\t<\/div>\n\t<div class=\"col-md-8\">\n\t\t<div class=\"form-group\">\n\t\t\t<p><label for=\"your-subject\">Betreff<\/label><br \/>\n<span class=\"wpcf7-form-control-wrap\" data-name=\"your-subject\"><input size=\"40\" class=\"wpcf7-form-control wpcf7-text wpcf7-validates-as-required form-control\" aria-required=\"true\" aria-invalid=\"false\" value=\"\" type=\"text\" name=\"your-subject\" \/><\/span>\n\t\t\t<\/p>\n\t\t<\/div>\n\t<\/div>\n\t<div class=\"col-md-8\">\n\t\t<div class=\"form-group\">\n\t\t\t<p><label for=\"Nachricht\">Nachricht<\/label><br \/>\n<span class=\"wpcf7-form-control-wrap\" data-name=\"your-message\"><textarea cols=\"40\" rows=\"10\" class=\"wpcf7-form-control wpcf7-textarea form-control\" aria-invalid=\"false\" name=\"your-message\"><\/textarea><\/span>\n\t\t\t<\/p>\n\t\t<\/div>\n\t<\/div>\n<\/div>\n\n<p><input class=\"wpcf7-form-control has-spinner wpcf7-submit\" type=\"submit\" value=\"ABSCHICKEN\" \/>\n<\/p><div class=\"wpcf7-response-output\" aria-hidden=\"true\"><\/div>\n<\/form>\n<\/div>\n\r\n<\/div>\r\n\r\n<\/section>\r\n","protected":false},"excerpt":{"rendered":"Kontaktinformationen Prof. Dr. Tamim Asfour KIT KIT \u2013 Campus S\u00fcd Fakult\u00e4t f\u00fcr Informatik 76131 Karlsruhe vorstand[at]begabtenstiftung-informatik.de Spenden Wir freuen uns \u00fcber jede Spende und bedanken uns herzlich f\u00fcr die Unterst\u00fctzung. Commerzbank Karlsruhe Kontoinhaber: Begabtenstiftung Informatik Karlsruhe IBAN: DE67 6608 0052 0865 0603 00 BIC: DRESDEFF660","protected":false},"author":2,"featured_media":0,"parent":0,"menu_order":0,"comment_status":"closed","ping_status":"closed","template":"","meta":[],"_links":{"self":[{"href":"https:\/\/begabtenstiftung-informatik.de\/index.php\/wp-json\/wp\/v2\/pages\/61"}],"collection":[{"href":"https:\/\/begabtenstiftung-informatik.de\/index.php\/wp-json\/wp\/v2\/pages"}],"about":[{"href":"https:\/\/begabtenstiftung-informatik.de\/index.php\/wp-json\/wp\/v2\/types\/page"}],"author":[{"embeddable":true,"href":"https:\/\/begabtenstiftung-informatik.de\/index.php\/wp-json\/wp\/v2\/users\/2"}],"replies":[{"embeddable":true,"href":"https:\/\/begabtenstiftung-informatik.de\/index.php\/wp-json\/wp\/v2\/comments?post=61"}],"version-history":[{"count":77,"href":"https:\/\/begabtenstiftung-informatik.de\/index.php\/wp-json\/wp\/v2\/pages\/61\/revisions"}],"predecessor-version":[{"id":1958,"href":"https:\/\/begabtenstiftung-informatik.de\/index.php\/wp-json\/wp\/v2\/pages\/61\/revisions\/1958"}],"wp:attachment":[{"href":"https:\/\/begabtenstiftung-informatik.de\/index.php\/wp-json\/wp\/v2\/media?parent=61"}],"curies":[{"name":"wp","href":"https:\/\/api.w.org\/{rel}","templated":true}]}}