{"id":56,"date":"2017-05-18T17:53:52","date_gmt":"2017-05-18T17:53:52","guid":{"rendered":"http:\/\/h2t-projects.webarchiv.kit.edu\/begabtenstiftung-informatik\/?page_id=56"},"modified":"2026-04-08T09:35:52","modified_gmt":"2026-04-08T09:35:52","slug":"home","status":"publish","type":"page","link":"https:\/\/begabtenstiftung-informatik.de\/index.php\/de\/home\/","title":{"rendered":"Home"},"content":{"rendered":"<section class=\"section magazine-section row\">\r\n\r\n\t<h1 class=\"section-heading\" style=\"text-align: center;\">\r\n    Herzlich Willkommen bei der Begabtenstiftung Informatik Karlsruhe\r\n<\/h1>\r\n\r\n<div class=\"col-md-12\">\r\n\r\n<h3 class=\"section-heading\"> Die Begabtenstiftung Informatik Karlsruhe trauert um Professor em. Dr. rer. nat. Adolf Schreiner, der am 11. M\u00e4rz 2026 im Alter von 96 Jahren verstorben ist.<\/h3>\r\n<div class=\"row mb-3\">\r\n\t\t<div class=\"col-md-4 self-align-center\"><img decoding=\"async\" style=\"width: 80%;\" src=\"https:\/\/begabtenstiftung-informatik.de\/wp-content\/uploads\/2023\/07\/Adolf_Schreiner.png\" \/><\/div>\r\n\t\t<div class=\"col-md-8 self-align-center\">\r\n\t\t<p>Als einer der Gr\u00fcndungsstifter der Begabtenstiftung Informatik setzte er sich daf\u00fcr ein, talentierte Studierende zu unterst\u00fctzen und die n\u00e4chste Generation wissenschaftlicher Nachwuchskr\u00e4fte zu f\u00f6rdern \u2013 eine konsequente Fortsetzung seines jahrzehntelangen Engagements f\u00fcr die Entwicklung der Informatik in Karlsruhe und dar\u00fcber hinaus.<\/p>\r\n\r\n<p>Professor Adolf Schreiner bleibt als Wissenschaftler, Hochschullehrer und als einer der pr\u00e4genden K\u00f6pfe der fr\u00fchen deutschen Informatikinfrastruktur und Wegbereiter des wissenschaftlichen Rechnens in Erinnerung. \r\n<p>Unser tiefes Mitgef\u00fchl gilt seiner Frau und seiner Familie.<\/p>\r\n\r\n<p><strong>Der Vorstand und das Kuratorium der Begabtenstiftung Informatik<\/strong><\/p>\r\n\r\n<p>&rarr; <a href=\"https:\/\/www.informatik.kit.edu\/11147_15142.php\"><strong>Nachruf der KIT-Fakult\u00e4t f\u00fcr Informatik<\/strong><\/a><\/p>\r\n\t\t<hr \/>\r\n<\/div>\r\n<\/div>\r\n<\/div>\r\n\r\n\t<div class=\"col-md-12\">\r\n\r\n\t<h3 class=\"section-heading\">Wir f\u00f6rdern Informatik-Talente am KIT \u2013 seit \u00fcber 15 Jahren!<\/h3>\r\n\t\t<p class=\"section-description\">Die KIT-Fakult\u00e4t f\u00fcr Informatik wurde 1972 gegr\u00fcndet und ist die \u00e4lteste Informatik-Fakult\u00e4t in Deutschland. Als 2007 die ersten Gr\u00fcndungsprofessoren emeritiert wurden, gr\u00fcndeten diese die Stiftung.<br\/><br\/>\r\n\t\tSeither f\u00f6rdern wir herausragende Studierende. Wir unterst\u00fctzen Projekte, vergeben Stipendien, Preise und f\u00f6rdern Auslandsaufenthalte.<br\/><br\/>\r\n\t\tIm Jahr 2023 erweitern wir unsere Aktivit\u00e4ten als Reaktion auf den Krieg in der Ukraine. Wir unterst\u00fctzen Studierende aus Osteuropa auf ihrem Weg ans KIT und in die Technologieregion Karlsruhe.<br\/><br\/>\r\n\t\tDie Stiftung finanziert ihre Aktivit\u00e4ten durch Kapitalertr\u00e4ge des Stiftungsstocks und durch Spenden ihrer treuen Partner, bei denen wir uns an dieser Stelle ganz herzlich bedanken.<br\/> \r\n\t\t<\/p>\r\n\t\t<hr \/>\r\n\t\r\n\t<h2 class=\"section-heading\">F\u00f6rderprogramm<\/h2>\r\n\r\n\t<ul class=\"section-description\"><li>Wir nehmen 2026 eine alte Tradition der Stiftung wieder auf und f\u00f6rdern und betreuen herausragende <strong><a href=\"https:\/\/begabtenstiftung-informatik.de\/index.php\/de\/projekt\/\">studentische Projekte<\/a><\/strong><\/li><br\/>\r\n\t<li>Eine weitere Tradition ist die Vergabe von <a href=\"https:\/\/begabtenstiftung-informatik.de\/index.php\/de\/kiis\/\"><strong>KIIS-Stipendien<\/strong><\/a> (Karlsruher Informatik Industrie Stipendium). Studierende bekommen Mentoren aus der regionalen Industrie und werden finanziell gef\u00f6rdert.<\/li><br\/> \r\n\t<li>Die Stiftung unterst\u00fctzt die Fakult\u00e4t bei der Finanzierung des <a href=\"https:\/\/bwinf.de\/bundeswettbewerb\/\"><strong>Bundeswettbewerbs Informatik<\/strong><\/a>.<\/li><br\/>\r\n\t<li>Wie jedes Jahr f\u00f6rdern wir Studierende der Fakult\u00e4t mit der Vergabe von <a href=\"https:\/\/www.irm.kit.edu\/deutschlandstipendium.php\"><strong>Deutschland-Stipendien<\/strong><\/a>.<\/li><br\/>\r\n\t<li>Wie jedes Jahr unterst\u00fctzen wir Studierende der Fakult\u00e4t, die sich am <a href=\"https:\/\/www.interact.kit.edu\/\"><strong>InterACT-Programm<\/strong><\/a>.<\/li><br\/>\r\n\t<li>Studierende der Fakult\u00e4t, die gerne an einer internationalen Konferenz im Ausland teilnehmen w\u00fcrden, k\u00f6nnen Sie sich hier um einen <a href=\"mailto:vorstand@begabtenstiftung-karlsruhe.de?subject=Antrag%20Reisekostenzuschuss&#038;body=Sehr%20geehrte%20Damen%20und%20Herren%2C%0D%0A%0D%0Aich%20m\u00f6chte%20zu%20folgender%20Konferenz%20reisen.%0D%0A%0D%0AKONFERENZ%0D%0A%0D%0ADiese%20Konferenz%20ist%20f\u00fcr%20mich%20wichtig%20weil:%0D%0A%0D%0AMOTIVATION%0D%0A%0D%0ADie%20Kosten%20f\u00fcr%20die%20Reise%20betragen%20ungef\u00e4hr%0D%0A%0D%0AREISEKOSTEN aufgeschl\u00fcsselt%0D%0A%0D%0A\"><strong>Reisekosten-Zuschuss<\/strong><\/a> bewerben.<\/li><br\/>\r\n\t<li>Im Jahr nach Corona ist es der Stiftung eine Herzensangelegenheit, <strong><a href=\"mailto:vorstand@begabtenstiftung-informatik.de\">studentische Kooperationsprojekte<\/a><\/strong> zu unterst\u00fctzen (Lerngruppen, Soziale Aktivit\u00e4ten usw.). Schreibt uns, wie wir Euch (gemeinsam mit den Professorinnen und Professoren) unterst\u00fctzen k\u00f6nnen<\/li><br\/>\r\n\t<li>Die Stiftung wird in diesem Jahr Studierende der Informatik aus <u>Osteuropa<\/u> (Ukraine, Belarus, Russland), die neu nach Karlsruhe kommen, mit einem Startpaket willkommen hei\u00dfen und sie mit Hilfe begleiten.<br\/>\r\n\t&rarr; <strong><a href=\"mailto:vorstand@begabtenstiftung-karlsruhe.de?subject=Antrag%20Startpaket%20Osteuropa&#038;body=Sehr%20geehrte%20Damen%20und%20Herren%20der%20Begabtenstiftung%2Cich%20interessiere%20mich%20f%C3%BCr%20ein%20Startpaket%20f%C3%BCr%20Studienbeginner%20aus%20Osteuropa.%20Bitte%20senden%20Sie%20mir%20ein%20Antragsformular.\">Osteuropa Solidarit\u00e4t <\/a><\/strong><\/li><\/ul>\r\n\t<div class=\"col-md-12 text-center\">\r\n  <img decoding=\"async\" style=\"width: 72%; display: inline-block;\" src=\"https:\/\/begabtenstiftung-informatik.de\/wp-content\/uploads\/2023\/02\/Umgesetzte-Projekte-Bild.jpg\" \/>\r\n  <hr \/>\r\n<\/div>\r\n\r\n<div class=\"col-md-12\" style=\"text-align: center;\">\r\n    <p class=\"section-description\">Wir bedanken uns bei den zahlreichen Unterst\u00fctzern f\u00fcr kostenfreie Leistungen und bei unseren Partnern f\u00fcr gro\u00dfz\u00fcgige Spenden<\/p>\r\n    <h2 class=\"section-heading\">Partner 2026<\/h2>\r\n    \r\n    <!-- \u0418\u0441\u043f\u043e\u043b\u044c\u0437\u0443\u0435\u043c CSS Grid \u0434\u043b\u044f \u0432\u044b\u0440\u0430\u0432\u043d\u0438\u0432\u0430\u043d\u0438\u044f \u043f\u043e 5 \u043b\u043e\u0433\u043e\u0442\u0438\u043f\u043e\u0432 \u0432 \u0440\u044f\u0434\u0443 -->\r\n    <div class=\"partner-grid\" style=\"\r\n        display: grid; \r\n        grid-template-columns: repeat(5, 1fr); \r\n        gap: 20px; \r\n        justify-items: center;\r\n        align-items: center;\r\n        max-width: 800px;\r\n        margin: 0 auto;\r\n    \">\r\n\r\n        <!-- \u041b\u043e\u0433\u043e\u0442\u0438\u043f\u044b \u043f\u0430\u0440\u0442\u043d\u0435\u0440\u043e\u0432 -->\r\n        <img decoding=\"async\" class=\"partner-logo\" src=\"https:\/\/begabtenstiftung-informatik.de\/wp-content\/uploads\/2023\/07\/andrena_s.png\" \/>\r\n        <img decoding=\"async\" class=\"partner-logo\" src=\"https:\/\/begabtenstiftung-informatik.de\/wp-content\/uploads\/2023\/07\/Arconsis_s.png\" \/>\r\n        <img decoding=\"async\" class=\"partner-logo\" src=\"https:\/\/begabtenstiftung-informatik.de\/wp-content\/uploads\/2024\/01\/atruvia.png\" \/>\r\n        <img decoding=\"async\" class=\"partner-logo\" src=\"https:\/\/begabtenstiftung-informatik.de\/wp-content\/uploads\/2024\/01\/buerkert.png\" \/>\r\n        <img decoding=\"async\" class=\"partner-logo\" src=\"https:\/\/begabtenstiftung-informatik.de\/wp-content\/uploads\/2024\/11\/Logo_EnBW-1.png\" \/>\r\n        <img decoding=\"async\" class=\"partner-logo\" src=\"https:\/\/begabtenstiftung-informatik.de\/wp-content\/uploads\/2024\/05\/Logo_Exxeta1.png\" \/>\r\n        <img decoding=\"async\" class=\"partner-logo\" src=\"https:\/\/begabtenstiftung-informatik.de\/wp-content\/uploads\/2024\/05\/logo_grenke-1.png\" \/>\r\n        <img decoding=\"async\" class=\"partner-logo\" src=\"https:\/\/begabtenstiftung-informatik.de\/wp-content\/uploads\/2026\/04\/schwarz-digits.png\" \/>\r\n        <img decoding=\"async\" class=\"partner-logo\" src=\"https:\/\/begabtenstiftung-informatik.de\/wp-content\/uploads\/2024\/01\/wuerth.png\" \/>\r\n\r\n    <\/div>\r\n<\/div>\r\n<style>\r\n    .partner-logo {\r\n        max-width: 100%;\r\n        height: auto;\r\n        width: 13vw; \/* \u041f\u043e\u043f\u0440\u043e\u0431\u0443\u0439\u0442\u0435 \u0438\u0437\u043c\u0435\u043d\u0438\u0442\u044c \u044d\u0442\u043e \u0437\u043d\u0430\u0447\u0435\u043d\u0438\u0435, \u0447\u0442\u043e\u0431\u044b \u0434\u043e\u0441\u0442\u0438\u0447\u044c \u043d\u0443\u0436\u043d\u043e\u0433\u043e \u0440\u0430\u0437\u043c\u0435\u0440\u0430 *\/\r\n    }\r\n<\/style>\r\n\r\n    <p class=\"section-description\">Unsere Partner aus der Industrie unterst\u00fctzen uns bei der Betreuung unserer Stipendiaten und sie liefern mit ihren gro\u00dfz\u00fcgigen Spenden den unerl\u00e4sslichen Treibstoff f\u00fcr unsere Arbeit: Geld. Danke!<\/p>\r\n\t<hr \/>\r\n\t\r\n\t<div class=\"col-md-12\" style=\"text-align: center;\">\r\n\t<h2 class=\"section-heading\">Unterst\u00fctzer<\/h2>\r\n\t <img decoding=\"async\" style=\"width: 15%; display: inline-block; margin: auto;\" src=\"https:\/\/begabtenstiftung-informatik.de\/wp-content\/uploads\/2024\/05\/Logo_Innowerft_.png\" \/>\r\n<img decoding=\"async\" style=\"width: 15%; display: inline-block; margin: auto;\" src=\"https:\/\/begabtenstiftung-informatik.de\/wp-content\/uploads\/2025\/05\/Logo_CyberForum.png\" \/>\r\n\t  <img decoding=\"async\" style=\"width: 15%; display: inline-block; margin: auto;\" src=\"https:\/\/begabtenstiftung-informatik.de\/wp-content\/uploads\/2024\/02\/TPK_logo_Begabtenstiftung.png\" \/>\r\n\t <img decoding=\"async\" style=\"width: 15%; display: inline-block; margin: auto;\" src=\"https:\/\/begabtenstiftung-informatik.de\/wp-content\/uploads\/2023\/07\/VKSI_Logo2.png\" \/>\r\n\t <img decoding=\"async\" style=\"width: 15%; display: inline-block; margin: auto;\" src=\"https:\/\/begabtenstiftung-informatik.de\/wp-content\/uploads\/2024\/02\/vogel-partner_logo.png\" \/><br\/><br\/>\r\n\t \r\n\t\r\n\t <p class=\"section-description\">Der StartUp Accelerator <strong>InnoWerft<\/strong> ist ein wichtiger Knoten in unserem Netzwerk und Sparringspartner f\u00fcr unser Partner-Programm. Das <strong>CyberForum<\/strong> und der <strong>Technologiepark Karlsruhe<\/strong> stellen uns ihre sch\u00f6nen R\u00e4umlichkeiten f\u00fcr Events zur Verf\u00fcgung. Der <strong>VKSI<\/strong> ist eine wichtige Br\u00fccke zu den aktiven Software-Ingenieuren in der Industrie und der akademischen Welt. Die Rechtanwaltskanzlei <strong>Vogel und Partner<\/strong> verschafft uns immer wieder Orientierung im Paragraphendschungel. Danke!<\/p>\r\n\r\n<\/div>\r\n<\/div>\r\n<\/section>","protected":false},"excerpt":{"rendered":"Herzlich Willkommen bei der Begabtenstiftung Informatik Karlsruhe Die Begabtenstiftung Informatik Karlsruhe trauert um Professor em. Dr. rer. nat. Adolf Schreiner, der am 11. M\u00e4rz 2026 im Alter von 96 Jahren verstorben ist. Als einer der Gr\u00fcndungsstifter der Begabtenstiftung Informatik setzte er sich daf\u00fcr ein, talentierte Studierende zu unterst\u00fctzen und die n\u00e4chste Generation wissenschaftlicher Nachwuchskr\u00e4fte zu [&hellip;]","protected":false},"author":2,"featured_media":0,"parent":0,"menu_order":0,"comment_status":"closed","ping_status":"closed","template":"","meta":[],"_links":{"self":[{"href":"https:\/\/begabtenstiftung-informatik.de\/index.php\/wp-json\/wp\/v2\/pages\/56"}],"collection":[{"href":"https:\/\/begabtenstiftung-informatik.de\/index.php\/wp-json\/wp\/v2\/pages"}],"about":[{"href":"https:\/\/begabtenstiftung-informatik.de\/index.php\/wp-json\/wp\/v2\/types\/page"}],"author":[{"embeddable":true,"href":"https:\/\/begabtenstiftung-informatik.de\/index.php\/wp-json\/wp\/v2\/users\/2"}],"replies":[{"embeddable":true,"href":"https:\/\/begabtenstiftung-informatik.de\/index.php\/wp-json\/wp\/v2\/comments?post=56"}],"version-history":[{"count":320,"href":"https:\/\/begabtenstiftung-informatik.de\/index.php\/wp-json\/wp\/v2\/pages\/56\/revisions"}],"predecessor-version":[{"id":1983,"href":"https:\/\/begabtenstiftung-informatik.de\/index.php\/wp-json\/wp\/v2\/pages\/56\/revisions\/1983"}],"wp:attachment":[{"href":"https:\/\/begabtenstiftung-informatik.de\/index.php\/wp-json\/wp\/v2\/media?parent=56"}],"curies":[{"name":"wp","href":"https:\/\/api.w.org\/{rel}","templated":true}]}}