{"id":217,"date":"2018-06-06T20:27:20","date_gmt":"2018-06-06T20:27:20","guid":{"rendered":"http:\/\/h2t-projects.webarchiv.kit.edu\/begabtenstiftung-informatik\/?page_id=217"},"modified":"2018-06-06T20:29:14","modified_gmt":"2018-06-06T20:29:14","slug":"datenschutz","status":"publish","type":"page","link":"https:\/\/begabtenstiftung-informatik.de\/index.php\/de\/datenschutz\/","title":{"rendered":"Datenschutz"},"content":{"rendered":"<section class=\"section\">\r\n\t<h1 class=\"section-heading\">Datenschutz<\/h1>\t\r\n\r\n\t<div class=\"row\">\r\n\t\t<div class=\"col-md-12 align-self-center\">\r\n\t\t\t<p><b>Informationen \u00fcber die Erhebung personenbezogener Daten<\/b><\/p>\r\n\r\n\t\t\t<p>Die Betreiber dieser Seiten nehmen den Schutz Ihrer pers\u00f6nlichen Daten sehr ernst.\r\n\t\t\t\tPersonenbezogene Daten sind alle Daten, die auf Sie pers\u00f6nlich beziehbar sind, z. B. Name, Adresse, E-Mail-Adressen und Nutzerverhalten (Informationen, die sich auf eine identifizierbare nat\u00fcrliche Person beziehen (Art. 4 Nr. 1 der EU-Datenschutz-Grundverordnung (DS-GVO)).<\/p>\r\n\r\n\t\t\t<p>Verantwortlicher gem. Art. 4 Abs. 7 DS-GVO ist Prof. Dr. Tamim Asfour, 76131 Karlsruhe, asfour@kit.edu (siehe Impressum). Unsere Datenschutzbeauftragte des KIT erreichen Sie unter datenschutzbeauftragter@kit.edu oder der Postadresse mit dem Zusatz \u201eDie Datenschutzbeauftragte\u201c.<\/p>\r\n\r\n\t\t\t<p>Bei Ihrer Kontaktaufnahme mit uns per E-Mail oder \u00fcber ein Kontaktformular werden die von Ihnen mitgeteilten Daten (Ihre E-Mail-Adresse, ggf. Ihr Name und Ihre Telefonnummer) von uns gespeichert, um Ihre Fragen zu beantworten. Die in diesem Zusammenhang anfallenden Daten l\u00f6schen wir, nachdem die Speicherung nicht mehr erforderlich ist, oder schr\u00e4nken die Verarbeitung ein, falls gesetzliche Aufbewahrungspflichten bestehen.<\/p>\r\n\r\n\t\t\t<p>Wir weisen darauf hin, dass die Daten\u00fcbertragung im Internet (z.B. bei der Kommunikation per E-Mail) Sicherheitsl\u00fccken aufweisen kann. Ein l\u00fcckenloser Schutz der Daten vor dem Zugriff durch Dritte ist nicht m\u00f6glich.<\/p>\r\n\r\n\t\t\t<p><b>Erhebung personenbezogener Daten<\/b><\/p>\r\n\r\n\t\t\t<p>Bei der blo\u00df informatorischen Nutzung der Website, wenn Sie sich also nicht registrieren oder uns anderweitig Informationen \u00fcbermitteln, erheben wir nur die personenbezogenen Daten, die Ihr Browser nach den von Ihnen vorgenommenen Einstellungen an unseren Server \u00fcbermittelt (Server Log Files). Zur Ansicht unserer Website erheben wir die Daten, die hierf\u00fcr und zur Gew\u00e4hrleistung der Stabilit\u00e4t und Sicherheit technisch erforderlich sind gem\u00e4\u00df Art. 6 Abs. 1 S. 1 lit. f DS-GVO:<\/p>\r\n\t\t\t<ul>\r\n\t\t\t\t<li>Anonymisierte IP-Adresse<\/li>\r\n\t\t\t\t<li>Datum und Uhrzeit der Anfrage<\/li>\r\n\t\t\t\t<li>Zeitzonendifferenz zur Greenwich Mean Time (GMT)<\/li>\r\n\t\t\t\t<li>Inhalt der Anforderung (konkrete Seite)<\/li>\r\n\t\t\t\t<li>Zugriffsstatus\/HTTP-Statuscode<\/li>\r\n\t\t\t\t<li>jeweils \u00fcbertragene Datenmenge<\/li>\r\n\t\t\t\t<li>Webseite, von der die Anforderung kommt<\/li>\r\n\t\t\t\t<li>Browser<\/li>\r\n\t\t\t<\/ul>\r\n\t\t\t<p>Diese Daten sind nicht bestimmten Personen zuordenbar. Eine Zusammenf\u00fchrung dieser Daten mit anderen Datenquellen wird nicht vorgenommen. Wir behalten uns vor, diese Daten nachtr\u00e4glich zu pr\u00fcfen, wenn uns konkrete Anhaltspunkte f\u00fcr eine rechtswidrige Nutzung bekannt werden.<\/p>\r\n\r\n\t\t\t<p><b>Kontakt-\/Anmeldeformular<\/b><\/p>\r\n\t\t\t<p>Wenn Sie uns per Formular, etwa zum Erhalt von Presseinformationen oder unseres Newsletters Anfragen zukommen lassen, werden Ihre Angaben aus dem Formular inklusive der von Ihnen dort angegebenen Kontaktdaten zwecks Bearbeitung der Anfrage und f\u00fcr den Fall von Anschlussfragen bei uns gespeichert. Diese Daten geben wir nicht ohne Ihre Einwilligung weiter. Wir verwenden f\u00fcr die Registrierung das sog. Double-opt-in-Verfahren, d. h. Ihre Registrierung ist erst abgeschlossen, wenn Sie zuvor Ihre Anmeldung \u00fcber eine Ihnen zu diesem Zweck zugesandte Best\u00e4tigungs-E-Mail durch Klick auf den darin enthaltenem Link best\u00e4tigt haben. Falls Ihre diesbez\u00fcgliche Best\u00e4tigung nicht binnen 48 Stunden erfolgt, wird Ihre Anmeldung automatisch aus unserer Datenbank gel\u00f6scht.<\/p>\r\n\r\n\t\t\t<!--<p><b>SSL-Verschl\u00fcsselung<\/b><\/p>\r\n\t\t\t<p>Diese Seite nutzt aus Gr\u00fcnden der Sicherheit und zum Schutz der \u00dcbertragung vertraulicher Inhalte, wie zum Beispiel der Anfragen, die Sie an uns als Seitenbetreiber senden, eine SSL-Verschl\u00fcsselung. Eine verschl\u00fcsselte Verbindung erkennen Sie daran, dass die Adresszeile des Browsers von \"http:\/\/\" auf \"https:\/\/\" wechselt und an dem Schloss-Symbol in Ihrer Browserzeile.<\/p>\r\n\t\t\t<p>Wenn die SSL Verschl\u00fcsselung aktiviert ist, k\u00f6nnen die Daten, die Sie an uns \u00fcbermitteln, in aller Regel nicht von Dritten mitgelesen werden.<\/p>-->\r\n\t\t\t\r\n\t\t\t<p><b>Ihre Rechte<\/b><\/p>\r\n\t\t\t<p>Sie haben gegen\u00fcber uns folgende Rechte hinsichtlich der Sie betreffenden personenbezogenen Daten:<\/p>\r\n\t\t\t<ul>\r\n\t\t\t\t<li>Recht auf Auskunft,<\/li>\r\n\t\t\t\t<li>Recht auf Berichtigung oder L\u00f6schung,<\/li>\r\n\t\t\t\t<li>Recht auf Einschr\u00e4nkung der Verarbeitung,<\/li>\r\n\t\t\t\t<li>Recht auf Widerspruch gegen die Verarbeitung,<\/li>\r\n\t\t\t\t<li>Recht auf Daten\u00fcbertragbarkeit.<\/li>\r\n\t\t\t\t<li>(2) Sie haben zudem das Recht, sich bei einer Datenschutz-Aufsichtsbeh\u00f6rde \u00fcber die Verarbeitung Ihrer personenbezogenen Daten durch uns zu beschweren.\r\n\t\t\t\t<li>(3) Im Fall offensichtlich unbegr\u00fcndeter oder exzessiver Antr\u00e4ge k\u00f6nnen wir ein angemessenes Entgelt verlangen. Ansonsten werden die Informationen unentgeltlich zur Verf\u00fcgung gestellt (Art. 12 Abs. 5 DS-GVO).<\/li>\r\n\t\t\t\t<li>(4) Im Fall begr\u00fcndeter Zweifel an der Identit\u00e4t der Person, die vorstehende Rechte geltend macht, k\u00f6nnen wir zus\u00e4tzliche Informationen anfordern, die zur Best\u00e4tigung der Identit\u00e4t erforderlich sind (Art. 12 Abs. 6 DS-GVO).<\/li>\r\n\t\t\t<\/ul>\r\n\t\t\t<p><b>Cookies<\/b><\/p>\r\n\t\t\t<p>Zus\u00e4tzlich zu den zuvor genannten Daten werden bei der Nutzung unserer Website Cookies auf Ihrem Rechner gespeichert. Cookies sind kleine Textdateien, die von dem von Ihnen verwendeten Browser bei Ihnen gespeichert werden und durch welche uns (dem Server unserer Website) bestimmte Informationen zuflie\u00dfen. Cookies k\u00f6nnen keine Programme ausf\u00fchren oder Viren auf Ihren Computer \u00fcbertragen. Sie dienen dazu, das Internetangebot insgesamt nutzerfreundlicher und effektiver, vor allem schneller zu machen. Dabei werden Session-Cookies (transiente Cookies) und dauerhafte (persistente) Cookies unterschieden.<\/p>\r\n\r\n\t\t\t<p>Transiente Cookies werden automatisiert gel\u00f6scht, wenn Sie den Browser schlie\u00dfen. Dazu z\u00e4hlen insbesondere die Session-Cookies. Diese speichern eine sogenannte Session-ID, mit welcher sich verschiedene Anfragen Ihres Browsers der gemeinsamen Sitzung zuordnen lassen. Dadurch kann Ihr Rechner wiedererkannt werden, wenn Sie auf unsere Website zur\u00fcckkehren. Die Session-Cookies werden gel\u00f6scht, wenn Sie sich ausloggen oder den Browser schlie\u00dfen.<\/p>\r\n\r\n\t\t\t<p>Wir nutzen ausschlie\u00dflich Session-Cookies. Persistente Cookies oder Flash-Cookies werden von uns nicht eingesetzt.<\/p>\r\n\t\t\t<p>Sie k\u00f6nnen Ihren Browser so einstellen, dass Sie \u00fcber das Setzen von Cookies informiert werden und Cookies nur im Einzelfall erlauben, die Annahme von Cookies f\u00fcr bestimmte F\u00e4lle oder generell ausschlie\u00dfen sowie das automatische L\u00f6schen der Cookies beim Schlie\u00dfen des Browser aktivieren. Bei der Deaktivierung von Cookies kann die Funktionalit\u00e4t dieser Website eingeschr\u00e4nkt sein.<\/p>\r\n\t\t<\/div>\r\n\t<\/div>\t\t\r\n<\/section>","protected":false},"excerpt":{"rendered":"Datenschutz Informationen \u00fcber die Erhebung personenbezogener Daten Die Betreiber dieser Seiten nehmen den Schutz Ihrer pers\u00f6nlichen Daten sehr ernst. Personenbezogene Daten sind alle Daten, die auf Sie pers\u00f6nlich beziehbar sind, z. B. Name, Adresse, E-Mail-Adressen und Nutzerverhalten (Informationen, die sich auf eine identifizierbare nat\u00fcrliche Person beziehen (Art. 4 Nr. 1 der EU-Datenschutz-Grundverordnung (DS-GVO)). Verantwortlicher gem. [&hellip;]","protected":false},"author":2,"featured_media":0,"parent":0,"menu_order":0,"comment_status":"closed","ping_status":"closed","template":"","meta":[],"_links":{"self":[{"href":"https:\/\/begabtenstiftung-informatik.de\/index.php\/wp-json\/wp\/v2\/pages\/217"}],"collection":[{"href":"https:\/\/begabtenstiftung-informatik.de\/index.php\/wp-json\/wp\/v2\/pages"}],"about":[{"href":"https:\/\/begabtenstiftung-informatik.de\/index.php\/wp-json\/wp\/v2\/types\/page"}],"author":[{"embeddable":true,"href":"https:\/\/begabtenstiftung-informatik.de\/index.php\/wp-json\/wp\/v2\/users\/2"}],"replies":[{"embeddable":true,"href":"https:\/\/begabtenstiftung-informatik.de\/index.php\/wp-json\/wp\/v2\/comments?post=217"}],"version-history":[{"count":4,"href":"https:\/\/begabtenstiftung-informatik.de\/index.php\/wp-json\/wp\/v2\/pages\/217\/revisions"}],"predecessor-version":[{"id":221,"href":"https:\/\/begabtenstiftung-informatik.de\/index.php\/wp-json\/wp\/v2\/pages\/217\/revisions\/221"}],"wp:attachment":[{"href":"https:\/\/begabtenstiftung-informatik.de\/index.php\/wp-json\/wp\/v2\/media?parent=217"}],"curies":[{"name":"wp","href":"https:\/\/api.w.org\/{rel}","templated":true}]}}