{"id":1738,"date":"2024-08-16T11:23:28","date_gmt":"2024-08-16T11:23:28","guid":{"rendered":"https:\/\/begabtenstiftung-informatik.de\/?page_id=1738"},"modified":"2026-03-31T10:31:40","modified_gmt":"2026-03-31T10:31:40","slug":"techtalk","status":"publish","type":"page","link":"https:\/\/begabtenstiftung-informatik.de\/index.php\/de\/techtalk\/","title":{"rendered":"TechTalk"},"content":{"rendered":"<section class=\"section\">\r\n<!-- Intro Header + Paragraph -->\r\n\t<h1 class=\"section-heading\"><center>TechTalk am KIT<\/center><\/h1>\r\n\r\n<h2 class=\"section-heading\">TechTalk mit Chaos am 29.04.2026<\/h2>\r\n <div class=\"text-center mt-4 px-1\">\r\n  <img decoding=\"async\" src=\"https:\/\/begabtenstiftung-informatik.de\/wp-content\/uploads\/2026\/03\/Begabtenstiftung-Informatik_29.04.26.png\" style=\"height: 470px;\" class=\"img-fluid\">\r\n<\/div>\r\n<br \/>\r\n\r\n<p>Anmeldung: <strong><a href=\"https:\/\/forms.gle\/Egn3Zobewfdinf8x9\">HIER<\/a><\/strong><br\/><\/p>\r\n\r\n\r\n <h2 class=\"section-heading\">Informationen f\u00fcr Partner<\/h2>\r\n\r\n<div class=\"media mt-4 px-1 text-md-center\">\r\n    <img decoding=\"async\" style=\"max-width:100%; height:auto; display:block; margin:0 auto;\"\r\n     src=\"https:\/\/begabtenstiftung-informatik.de\/wp-content\/uploads\/2024\/08\/TechTalk4.png\">\r\n<\/div>\r\n<br \/>\r\n<div class=\"col-md-12\">\r\n<p>Vorlesungs\u00e4hnliches Format mit viel Interaktion (90 Minuten).<\/p>\r\n<p>IT-Experten aus der Wirtschaft sprechen \u00fcber die Problemstellungen und technische Herausforderungen aus ihrem Arbeitsumfeld.<\/p>\r\n<p>Zielgruppe: Alle Studierenden und Wissenschaftler:innen der Fakult\u00e4t, haupts\u00e4chlich Master-Studierende der Informatik und Wirtschaftsinformatik.<\/p>\r\n<p>Bereits einige Wochen vor dem TechTalk werben wir mit dem Firmenlogo an der Fakult\u00e4t f\u00fcr Informatik.<\/p>\r\n<p>Im Anschluss k\u00f6nnen wir f\u00fcr Sie optional ein Get-Together organisieren.<\/p>\r\n<p>Ort: Informatik-Hauptgeb\u00e4ude, Am Fasanengarten 5, im H\u00f6rsaal -101 oder-102<\/p>\r\n<p>Erwartete Teilnehmerzahl: bis 100<\/p>\r\n\r\n\t\t<style>\r\n  .btn-container-wrapper {\r\n    display: flex;\r\n    justify-content: center;\r\n  }\r\n\r\n<\/style>\r\n\r\n<div class=\"btn-container-wrapper\">\r\n\r\n  <div class=\"btn-container\"><a class=\"btn btn-default\" href=\"https:\/\/begabtenstiftung-informatik.de\/wp-content\/uploads\/2025\/12\/Angebot_TechTalk-Begabtenstiftung.pdf\" target=\"_blank\" rel=\"noopener\">Pr\u00e4sentation<\/a><\/div>\r\n\r\n\r\n<\/div>\t\r\n","protected":false},"excerpt":{"rendered":"TechTalk am KIT TechTalk mit Chaos am 29.04.2026 Anmeldung: HIER Informationen f\u00fcr Partner Vorlesungs\u00e4hnliches Format mit viel Interaktion (90 Minuten). IT-Experten aus der Wirtschaft sprechen \u00fcber die Problemstellungen und technische Herausforderungen aus ihrem Arbeitsumfeld. Zielgruppe: Alle Studierenden und Wissenschaftler:innen der Fakult\u00e4t, haupts\u00e4chlich Master-Studierende der Informatik und Wirtschaftsinformatik. Bereits einige Wochen vor dem TechTalk werben wir [&hellip;]","protected":false},"author":4,"featured_media":0,"parent":0,"menu_order":0,"comment_status":"closed","ping_status":"closed","template":"","meta":[],"_links":{"self":[{"href":"https:\/\/begabtenstiftung-informatik.de\/index.php\/wp-json\/wp\/v2\/pages\/1738"}],"collection":[{"href":"https:\/\/begabtenstiftung-informatik.de\/index.php\/wp-json\/wp\/v2\/pages"}],"about":[{"href":"https:\/\/begabtenstiftung-informatik.de\/index.php\/wp-json\/wp\/v2\/types\/page"}],"author":[{"embeddable":true,"href":"https:\/\/begabtenstiftung-informatik.de\/index.php\/wp-json\/wp\/v2\/users\/4"}],"replies":[{"embeddable":true,"href":"https:\/\/begabtenstiftung-informatik.de\/index.php\/wp-json\/wp\/v2\/comments?post=1738"}],"version-history":[{"count":73,"href":"https:\/\/begabtenstiftung-informatik.de\/index.php\/wp-json\/wp\/v2\/pages\/1738\/revisions"}],"predecessor-version":[{"id":1979,"href":"https:\/\/begabtenstiftung-informatik.de\/index.php\/wp-json\/wp\/v2\/pages\/1738\/revisions\/1979"}],"wp:attachment":[{"href":"https:\/\/begabtenstiftung-informatik.de\/index.php\/wp-json\/wp\/v2\/media?parent=1738"}],"curies":[{"name":"wp","href":"https:\/\/api.w.org\/{rel}","templated":true}]}}