{"id":1669,"date":"2024-06-13T10:07:47","date_gmt":"2024-06-13T10:07:47","guid":{"rendered":"https:\/\/begabtenstiftung-informatik.de\/?page_id=1669"},"modified":"2026-03-16T12:22:14","modified_gmt":"2026-03-16T12:22:14","slug":"tag-der-informatik-partnerschaft","status":"publish","type":"page","link":"https:\/\/begabtenstiftung-informatik.de\/index.php\/de\/tag-der-informatik-partnerschaft\/","title":{"rendered":"Tag der Informatik: Partnerschaft"},"content":{"rendered":"<section class=\"section\">\r\n<!-- Intro Header + Paragraph -->\r\n\t<h1 class=\"section-heading\"><center>Tag der Informatik: Partnerschaft<\/center><\/h1>\r\n\r\n<div class=\"media mt-4 px-1 text-md-center\">\r\n    <img decoding=\"async\" style=\"height: 280px; margin: 0 auto;\" class=\"card-img-100 d-flex mr-3\" src=\"https:\/\/begabtenstiftung-informatik.de\/wp-content\/uploads\/2025\/05\/TDI-2025.png\">\r\n<\/div>\r\n<br \/>\r\n<div class=\"col-md-12\">\r\n<p>Wie jedes Jahr bieten wir Ihnen die M\u00f6glichkeit, \u00fcber unsere <strong>Sponsoringpakete Ihr Unternehmen<\/strong> an der Fakult\u00e4t sichtbar zu machen.<\/p>  \r\n\r\n<h5 class=\"font-weight-bold mt-0\">Zielgruppe<\/h5><br \/>  \r\n \r\n<p>Die KIT-Fakult\u00e4t f\u00fcr Informatik war 1972 die erste Informatik-Fakult\u00e4t in Deutschland. Sie genie\u00dft heute weltweit den Ruf der Exzellenz: In der Wissenschaft, in der Industrie und unter Studierenden. Immer wieder taucht sie auf den vorderen Pl\u00e4tzen nationaler und internationaler Rankings auf. Im S\u00fcdwesten Deutschlands ist die Fakult\u00e4t mit ihren ca. 3500 Studierenden die wichtigste Ausbildungseinrichtung f\u00fcr hochqualifizierte IT-Spezialisten.<\/p> \r\n \r\n<p>Sie werden mit Ihrem Unternehmen an der Fakult\u00e4t visuell pr\u00e4sent: bei den 3 500 Studierenden, bei \u00fcber 1 000 Promovierenden und bei den Professorinnen und Professoren. Insbesondere schreiben wir ungef\u00e4hr 600 Absolventinnen und Absolventen sowie Promovierte des vergangenen Jahres pers\u00f6nlich an.<\/p>  \r\n\r\n<h5 class=\"font-weight-bold mt-0\">Sponsoring-Pakete<\/h5><br \/>  \r\n\r\n<p>F\u00fcr Sie haben wir 3 Sponsoring-Pakete zusammengestellt:<\/p>\r\n<ul>\r\n<li><strong>Das klassische Paket \u201eSponsor Tag der Informatik\u201c<\/strong> f\u00fcr 2.000 EUR.  \r\n<p>Ihr Unternehmen wird mit Namen und Logo im Umfeld des Tags der Informatik an der Fakult\u00e4t pr\u00e4sent sein.<\/li> \r\n<li><strong>Das Paket \u201eSponsor Tag der Informatik\u201c + TechTalk<\/strong> f\u00fcr 4.000 EUR.\r\n<p>Zus\u00e4tzlich beinhaltet dieses Paket die M\u00f6glichkeit, ein interaktives, vorlesungs\u00e4hnliches Format an der KIT-Fakult\u00e4t f\u00fcr Informatik durchzuf\u00fchren.<\/li>\r\n<li><strong>Das Paket \u201eSponsor Tag der Informatik\u201c + \u201eBegabtenstiftung zu Gast bei&#8230;\u201c<\/strong> f\u00fcr 4.000 EUR.\r\n<p>Ein neues Format f\u00fcr interessierte Unternehmen: Laden Sie Studierende zu Exkursionen, Besichtigungen oder Veranstaltungen in Ihrem Haus ein.<\/li>\r\n<\/ul>\r\n \r\n<p>Details entnehmen Sie bitte der Pr\u00e4sentation.<\/p> \r\n\r\n<div class=\"btn-container-wrapper\">\r\n<div class=\"btn-container-wrapper\" style=\"text-align: center;\">\r\n  <div class=\"btn-container\"><a class=\"btn btn-default\" href=\"https:\/\/begabtenstiftung-informatik.de\/wp-content\/uploads\/2026\/03\/Sponsoring-Angebot_TdI-2026_KIT.pdf\" target=\"_blank\" rel=\"noopener\">Sponsoring-Angebot Tag der Informatik<\/a><\/div>\r\n<\/div>\r\n<\/div>\t\r\n<\/div>\r\n<\/section>","protected":false},"excerpt":{"rendered":"Tag der Informatik: Partnerschaft Wie jedes Jahr bieten wir Ihnen die M\u00f6glichkeit, \u00fcber unsere Sponsoringpakete Ihr Unternehmen an der Fakult\u00e4t sichtbar zu machen. Zielgruppe Die KIT-Fakult\u00e4t f\u00fcr Informatik war 1972 die erste Informatik-Fakult\u00e4t in Deutschland. Sie genie\u00dft heute weltweit den Ruf der Exzellenz: In der Wissenschaft, in der Industrie und unter Studierenden. Immer wieder taucht [&hellip;]","protected":false},"author":4,"featured_media":0,"parent":0,"menu_order":0,"comment_status":"closed","ping_status":"closed","template":"","meta":[],"_links":{"self":[{"href":"https:\/\/begabtenstiftung-informatik.de\/index.php\/wp-json\/wp\/v2\/pages\/1669"}],"collection":[{"href":"https:\/\/begabtenstiftung-informatik.de\/index.php\/wp-json\/wp\/v2\/pages"}],"about":[{"href":"https:\/\/begabtenstiftung-informatik.de\/index.php\/wp-json\/wp\/v2\/types\/page"}],"author":[{"embeddable":true,"href":"https:\/\/begabtenstiftung-informatik.de\/index.php\/wp-json\/wp\/v2\/users\/4"}],"replies":[{"embeddable":true,"href":"https:\/\/begabtenstiftung-informatik.de\/index.php\/wp-json\/wp\/v2\/comments?post=1669"}],"version-history":[{"count":9,"href":"https:\/\/begabtenstiftung-informatik.de\/index.php\/wp-json\/wp\/v2\/pages\/1669\/revisions"}],"predecessor-version":[{"id":1961,"href":"https:\/\/begabtenstiftung-informatik.de\/index.php\/wp-json\/wp\/v2\/pages\/1669\/revisions\/1961"}],"wp:attachment":[{"href":"https:\/\/begabtenstiftung-informatik.de\/index.php\/wp-json\/wp\/v2\/media?parent=1669"}],"curies":[{"name":"wp","href":"https:\/\/api.w.org\/{rel}","templated":true}]}}